{"id":658,"date":"2025-09-15T16:54:10","date_gmt":"2025-09-15T14:54:10","guid":{"rendered":"https:\/\/familyoffice-360grad.ch\/2025\/ueber-uns\/"},"modified":"2026-02-19T18:08:30","modified_gmt":"2026-02-19T17:08:30","slug":"ueber-uns","status":"publish","type":"page","link":"https:\/\/familyoffice-360grad.ch\/de\/ueber-uns\/","title":{"rendered":"\u00dcber uns"},"content":{"rendered":"\n<div class=\"wp-block-group alignwide has-global-padding is-layout-constrained wp-block-group-is-layout-constrained\">\n<button id=\"soundToggle\" aria-label=\"Sound umschalten\">\n  <img decoding=\"async\"\n    id=\"soundIcon\"\n    src=\"https:\/\/familyoffice-360grad.ch\/wp-content\/uploads\/2026\/01\/tonaus.png\"\n    alt=\"Ton aus\"\n  >\n<\/button>\n\n<script>\ndocument.addEventListener(\"DOMContentLoaded\", function () {\n  const container = document.getElementById(\"headervideo\");\n  if (!container) return;\n\n  const video = container.querySelector(\"video\");\n  if (!video) return;\n\n  const button = document.getElementById(\"soundToggle\");\n  const icon = document.getElementById(\"soundIcon\");\n\n  const ICON_ON  = \"https:\/\/familyoffice-360grad.ch\/wp-content\/uploads\/2026\/01\/tonan.png\";\n  const ICON_OFF = \"https:\/\/familyoffice-360grad.ch\/wp-content\/uploads\/2026\/01\/tonaus.png\";\n\n  \/\/ Startzustand (Autoplay \u2192 stumm)\n  video.muted = true;\n  icon.src = ICON_OFF;\n  icon.alt = \"Ton aus\";\n\n  button.addEventListener(\"click\", function () {\n    video.muted = !video.muted;\n\n    if (video.muted) {\n      icon.src = ICON_OFF;\n      icon.alt = \"Ton aus\";\n    } else {\n      icon.src = ICON_ON;\n      icon.alt = \"Ton an\";\n    }\n  });\n});\n<\/script>\n<\/div>\n\n<div class=\"wp-block-columns alignwide is-layout-flex wp-container-core-columns-is-layout-d0b3c9c8 wp-block-columns-is-layout-flex\">\n<div class=\"wp-block-column is-layout-flow wp-block-column-is-layout-flow\" style=\"flex-basis:100%\">\n<figure class=\"wp-block-video alignwide roundedvideo tw-sm-hidden\" id=\"headervideo\"><video height=\"700\" style=\"aspect-ratio: 1280 \/ 700;\" width=\"1280\" autoplay=\"\" loop=\"\" muted=\"\" preload=\"auto\" src=\"https:\/\/familyoffice-360grad.ch\/wp-content\/uploads\/2026\/02\/FO360_Webseite_Relaunch_Video_1280x700_about_komp.mp4\" playsinline=\"\"><\/video><\/figure>\n\n\n\n<figure class=\"wp-block-video alignwide roundedvideo tw-lg-hidden tw-md-hidden\" id=\"headervideo\"><video height=\"700\" style=\"aspect-ratio: 560 \/ 700;\" width=\"560\" autoplay=\"\" loop=\"\" muted=\"\" preload=\"auto\" src=\"https:\/\/familyoffice-360grad.ch\/wp-content\/uploads\/2026\/02\/FO360_Webseite_Relaunch_Video_1280x700_about_mobile_komp.mp4\" playsinline=\"\"><\/video><\/figure>\n<\/div>\n\n\n\n<div class=\"wp-block-column is-layout-flow wp-block-column-is-layout-flow\" style=\"flex-basis:2%\"><\/div>\n<\/div>\n\n<div class=\"wp-block-group alignwide has-global-padding is-layout-constrained wp-block-group-is-layout-constrained\">\n<div class=\"videokompass2\"> \n     <div class=\"videokompasstext\">\n          Family<span>Office<\/span><br\/>360grad<\/span>\n     <\/div>\n     <div class=\"videokompassimage\">\n          <img decoding=\"async\" src=\"https:\/\/familyoffice-360grad.ch\/wp-content\/uploads\/2026\/01\/FO360_Webseite_Relaunch_Screendesign_09_video_kompass.gif\">\n     <\/div>\n<\/div>\n<\/div>\n\n<div style=\"height:1px\" aria-hidden=\"true\" class=\"wp-block-spacer\"><\/div>\n<div class=\"breadcrumbs align  wp-block-bcn-breadcrumb-trail has-text-color has-background has-small-font-size\" vocab=\"https:\/\/schema.org\/\" typeof=\"BreadcrumbList\">\n\t<span><\/span>\n\t<span property=\"itemListElement\" typeof=\"ListItem\"><a property=\"item\" typeof=\"WebPage\" title=\"Gehe zu Family Office 360grad AG.\" href=\"https:\/\/familyoffice-360grad.ch\/de\/\" class=\"home\" aria-current=\"page\"><span property=\"name\">Family Office 360grad AG<\/span><\/a><meta property=\"position\" content=\"1\"><\/span><\/div>\n\n<h2 class=\"wp-block-heading\">Family Office 360 Grad<\/h2>\n\n<pre class=\"wp-block-verse has-large-font-size\"><strong>Exzellenz. Diskretion. Vertraulichkeit.<\/strong><\/pre>\n\n<p>Vertrauen ist die Grundlage unserer Zusammenarbeit. Unser Unternehmen basiert auf Unabh\u00e4ngigkeit, Integrit\u00e4t und der \u00dcberzeugung, dass Weitsicht, Planung und Anpassungsf\u00e4higkeit die Schl\u00fcssel zu langfristigem Erfolg sind. Daher sind wir entschlossen, langfristige Partnerschaften aufzubauen, in denen das Verm\u00e4chtnis und die finanzielle Sicherheit unserer Kunden im Vordergrund stehen.<\/p>\n\n<p><\/p>\n\n<p class=\"has-accent-6-background-color has-background\" style=\"border-top-left-radius:12px;border-top-right-radius:12px;border-bottom-left-radius:12px;border-bottom-right-radius:12px\"><strong>Unsere Geschichte<br\/><\/strong>Die FamilyOffice 360 Grad AG wurde 2016 mit dem Ziel gegr\u00fcndet, verm\u00f6genden Familien mit Diskretion und Fachkompetenz zur Seite zu stehen. Wir sind ein Boutique Family Office mit Anteilseignern aus mittelst\u00e4ndischen Familienunternehmen. Wir betreuen Kunden aus Deutschland, \u00d6sterreich, der Schweiz, den USA, der T\u00fcrkei und den Balearen.<br\/><br\/>Unser erfahrenes Team arbeitet mit \u00fcber 50 spezialisierten Experten und Partnern zusammen, die sich der Bereitstellung ma\u00dfgeschneiderter L\u00f6sungen verschrieben haben. Jeder Fachmann bringt fundierte Branchenkenntnisse mit und setzt sich unerm\u00fcdlich f\u00fcr den langfristigen Erfolg Ihrer Familie ein.<\/p>\n\n<div class=\"wp-block-columns is-layout-flex wp-container-core-columns-is-layout-d0b3c9c8 wp-block-columns-is-layout-flex\">\n<div class=\"wp-block-column is-vertically-aligned-bottom is-layout-flow wp-block-column-is-layout-flow\">\n<figure class=\"wp-block-image aligncenter size-full\" style=\"margin-top:var(--wp--preset--spacing--40);margin-right:var(--wp--preset--spacing--40);margin-bottom:var(--wp--preset--spacing--40);margin-left:var(--wp--preset--spacing--40)\"><img loading=\"lazy\" decoding=\"async\" width=\"212\" height=\"212\" src=\"https:\/\/familyoffice-360grad.ch\/wp-content\/uploads\/2026\/01\/FO360_Webseite_Relaunch_Screendesign_09_video_kompass.gif\" alt=\"\" class=\"wp-image-487\"\/><\/figure>\n<\/div>\n\n\n\n<div class=\"wp-block-column is-layout-flow wp-block-column-is-layout-flow\">\n<p><strong>Unser Gr\u00fcnder<\/strong><br\/>Thomas Zenner ist Experte f\u00fcr Family Office und verf\u00fcgt \u00fcber mehr als 25 Jahre Erfahrung in der Beratung von Familienunternehmen. Der geb\u00fcrtige Berliner hatte verschiedene Positionen im Verm\u00f6gensmanagement und im Private Banking bei deutschen Banken. 2001 gr\u00fcndete und leitete er dann mehrer Family Offices in Deutschland und in der Schweiz. <\/p>\n<\/div>\n<\/div>\n\n<p>W\u00e4hrend seiner Zeit im Bankwesen war er auch Dozent an der Genossenschaftlichen Bankakademie und der Staatlichen Berufsakademie in Karlsruhe. Nach Abschluss seiner Ausbildung zum Certified EFFAS Financial Analyst arbeitete er als Leiter Research &amp; Asset Management sowie Investor Relations bei einer Wertpapierhandelsbank in Frankfurt.<\/p>\n\n<p>Im August 2001 \u00fcbernahm er den Aufbau und die Leitung des Family Office der Weberbank in Berlin.<\/p>\n\n<p>Von Oktober 2010 bis September 2016 war er Gesch\u00e4ftsf\u00fchrer des Family Offices der Sparkassenfinanzgruppe N\u00f6tzli, Mai &amp; Partner AG in Z\u00fcrich. Im August 2001 \u00fcbernahm er den Aufbau und die Leitung des Weberbank Family Office in Berlin. <\/p>\n\n<p>Seit Oktober 2016 ist er gesch\u00e4ftsf\u00fchrender Gesellschafter der Family Office 360grad AG in Stans\/Nidwalden.<\/p>\n\n<div style=\"height:50px\" aria-hidden=\"true\" class=\"wp-block-spacer\"><\/div>\n\n<h2 class=\"wp-block-heading\">Mitgliedschaften<\/h2>\n\n<figure class=\"wp-block-image size-full is-resized\"><img loading=\"lazy\" decoding=\"async\" width=\"603\" height=\"365\" src=\"https:\/\/familyoffice-360grad.ch\/wp-content\/uploads\/2025\/12\/bvmw.jpg\" alt=\"\" class=\"wp-image-407\" style=\"width:269px;height:auto\" srcset=\"https:\/\/familyoffice-360grad.ch\/wp-content\/uploads\/2025\/12\/bvmw.jpg 603w, https:\/\/familyoffice-360grad.ch\/wp-content\/uploads\/2025\/12\/bvmw-300x182.jpg 300w\" sizes=\"auto, (max-width: 603px) 100vw, 603px\" \/><\/figure>\n\n<p><\/p>\n","protected":false},"excerpt":{"rendered":"<p>Family Office 360 Grad Exzellenz. Diskretion. Vertraulichkeit. Vertrauen ist die Grundlage unserer Zusammenarbeit. Unser Unternehmen basiert auf Unabh\u00e4ngigkeit, Integrit\u00e4t und der \u00dcberzeugung, dass Weitsicht, Planung und Anpassungsf\u00e4higkeit die Schl\u00fcssel zu langfristigem Erfolg sind. Daher sind wir entschlossen, langfristige Partnerschaften aufzubauen, in denen das Verm\u00e4chtnis und die finanzielle Sicherheit unserer Kunden im Vordergrund stehen. Unsere GeschichteDie [&hellip;]<\/p>\n","protected":false},"author":1,"featured_media":0,"parent":0,"menu_order":0,"comment_status":"closed","ping_status":"closed","template":"page-no-title","meta":{"footnotes":""},"class_list":["post-658","page","type-page","status-publish","hentry"],"_links":{"self":[{"href":"https:\/\/familyoffice-360grad.ch\/de\/wp-json\/wp\/v2\/pages\/658","targetHints":{"allow":["GET"]}}],"collection":[{"href":"https:\/\/familyoffice-360grad.ch\/de\/wp-json\/wp\/v2\/pages"}],"about":[{"href":"https:\/\/familyoffice-360grad.ch\/de\/wp-json\/wp\/v2\/types\/page"}],"author":[{"embeddable":true,"href":"https:\/\/familyoffice-360grad.ch\/de\/wp-json\/wp\/v2\/users\/1"}],"replies":[{"embeddable":true,"href":"https:\/\/familyoffice-360grad.ch\/de\/wp-json\/wp\/v2\/comments?post=658"}],"version-history":[{"count":11,"href":"https:\/\/familyoffice-360grad.ch\/de\/wp-json\/wp\/v2\/pages\/658\/revisions"}],"predecessor-version":[{"id":964,"href":"https:\/\/familyoffice-360grad.ch\/de\/wp-json\/wp\/v2\/pages\/658\/revisions\/964"}],"wp:attachment":[{"href":"https:\/\/familyoffice-360grad.ch\/de\/wp-json\/wp\/v2\/media?parent=658"}],"curies":[{"name":"wp","href":"https:\/\/api.w.org\/{rel}","templated":true}]}}