{"id":670,"date":"2025-10-22T10:31:29","date_gmt":"2025-10-22T08:31:29","guid":{"rendered":"https:\/\/familyoffice-360grad.ch\/2025\/startseite\/"},"modified":"2026-02-12T18:00:40","modified_gmt":"2026-02-12T17:00:40","slug":"startseite","status":"publish","type":"page","link":"https:\/\/familyoffice-360grad.ch\/de\/","title":{"rendered":"Startseite"},"content":{"rendered":"\n<div class=\"wp-block-group alignwide has-global-padding is-layout-constrained wp-block-group-is-layout-constrained\">\n<button id=\"soundToggle\" aria-label=\"Sound umschalten\">\n  <img decoding=\"async\"\n    id=\"soundIcon\"\n    src=\"https:\/\/familyoffice-360grad.ch\/wp-content\/uploads\/2026\/01\/tonaus.png\"\n    alt=\"Ton aus\"\n  >\n<\/button>\n\n<script>\ndocument.addEventListener(\"DOMContentLoaded\", function () {\n  const container = document.getElementById(\"headervideo\");\n  if (!container) return;\n\n  const video = container.querySelector(\"video\");\n  if (!video) return;\n\n  const button = document.getElementById(\"soundToggle\");\n  const icon = document.getElementById(\"soundIcon\");\n\n  const ICON_ON  = \"https:\/\/familyoffice-360grad.ch\/wp-content\/uploads\/2026\/01\/tonan.png\";\n  const ICON_OFF = \"https:\/\/familyoffice-360grad.ch\/wp-content\/uploads\/2026\/01\/tonaus.png\";\n\n  \/\/ Startzustand (Autoplay \u2192 stumm)\n  video.muted = true;\n  icon.src = ICON_OFF;\n  icon.alt = \"Ton aus\";\n\n  button.addEventListener(\"click\", function () {\n    video.muted = !video.muted;\n\n    if (video.muted) {\n      icon.src = ICON_OFF;\n      icon.alt = \"Ton aus\";\n    } else {\n      icon.src = ICON_ON;\n      icon.alt = \"Ton an\";\n    }\n  });\n});\n<\/script>\n<\/div>\n\n\n\n<div class=\"wp-block-columns alignwide is-layout-flex wp-container-core-columns-is-layout-d0b3c9c8 wp-block-columns-is-layout-flex\">\n<div class=\"wp-block-column is-layout-flow wp-block-column-is-layout-flow\" style=\"flex-basis:100%\">\n<figure class=\"wp-block-video alignwide roundedvideo tw-sm-hidden\" id=\"headervideo\"><video height=\"700\" style=\"aspect-ratio: 1280 \/ 700;\" width=\"1280\" autoplay loop muted preload=\"auto\" src=\"https:\/\/familyoffice-360grad.ch\/wp-content\/uploads\/2026\/02\/FO360_Webseite_Relaunch_Video_1280x700_n_Startseite.mp4\" playsinline><\/video><\/figure>\n\n\n\n<figure class=\"wp-block-video alignwide roundedvideo tw-lg-hidden tw-md-hidden\" id=\"headervideo\"><video height=\"700\" style=\"aspect-ratio: 560 \/ 700;\" width=\"560\" autoplay loop muted preload=\"auto\" src=\"https:\/\/familyoffice-360grad.ch\/wp-content\/uploads\/2026\/02\/FO360_Webseite_Relaunch_Video_1280x700_Startseite_mobile_komp.mp4\" playsinline><\/video><\/figure>\n<\/div>\n\n\n\n<div class=\"wp-block-column is-layout-flow wp-block-column-is-layout-flow\" style=\"flex-basis:2%\"><\/div>\n<\/div>\n\n\n\n<div class=\"wp-block-group alignwide has-global-padding is-layout-constrained wp-block-group-is-layout-constrained\">\n<div class=\"videokompass2\"> \n     <div class=\"videokompasstext\">\n          Family<span>Office<\/span><br\/>360grad<\/span>\n     <\/div>\n     <div class=\"videokompassimage\">\n          <img decoding=\"async\" src=\"https:\/\/familyoffice-360grad.ch\/wp-content\/uploads\/2026\/01\/FO360_Webseite_Relaunch_Screendesign_09_video_kompass.gif\">\n     <\/div>\n<\/div>\n<\/div>\n\n<div style=\"height:41px\" aria-hidden=\"true\" class=\"wp-block-spacer\"><\/div>\n\n<div class=\"wp-block-group has-global-padding is-layout-constrained wp-block-group-is-layout-constrained\">\n<h1 class=\"wp-block-heading\">Wir sch\u00fctzen Ihr Verm\u00e4chtnis.<br\/>Und sichern die Zukunft. <\/h1>\n\n\n\n<blockquote class=\"wp-block-quote is-style-plain is-layout-flow wp-block-quote-is-layout-flow is-style-plain--1\">\n<p>\u201eDas beste Erbe, das Eltern ihren Kindern hinterlassen k\u00f6nnen, ist eine gute Ausbildung und der kluge Umgang mit Verm\u00f6gen.\u201c<\/p>\n\n\n\n<p class=\"has-text-align-right is-style-text-display has-medium-font-size is-style-text-display--2\"><em>John D. Rockefeller<\/em><\/p>\n<\/blockquote>\n<\/div>\n\n<div style=\"height:50px\" aria-hidden=\"true\" class=\"wp-block-spacer\"><\/div>\n\n<p>Wir sind ein Boutique Family Office, gegr\u00fcndet im Herzen der Schweiz von Unternehmern f\u00fcr Unternehmer. Dabei entwickeln wir durchdachte und ma\u00dfgeschneiderte L\u00f6sungen, um Gr\u00fcnder, ihre Familien und ihre Unternehmen in eine sichere Zukunft zu f\u00fchren. <\/p>\n\n<p>Die Wahl eines Family Offices ist immer eine strategische Entscheidung. Denn es geht um mehr als die Sicherung von Verm\u00f6gen. Es geht darum, Ihre Vision und Bed\u00fcrfnisse genau zu erfassen. Es geht darum, Ihre Werte \u00fcber Generationen hinweg zu bewahren. Und es geht darum, den richtigen Weg einzuschlagen, auch bei sich wandelnden Regularien. F\u00fcr diese gemeinsame Reise haben wir Klarheit, Weitsicht und ma\u00dfgeschneiderte L\u00f6sungen mit pers\u00f6nlicher Expertise im Gep\u00e4ck.<br\/>Lassen Sie uns gemeinsam aufbrechen.    <\/p>\n\n<p>Mit unserem unabh\u00e4ngigen Ansatz helfen wir Ihnen, schwierige Fragen zu beantworten \u2013 ganz gleich, ob Sie Ihr Verm\u00f6gen erhalten, einen Nachfolgeplan aufstellen oder es \u00fcbertragen m\u00f6chten, um sich selbst zu entlasten.<\/p>\n\n<p>Als Ihr Sparringspartner sind Ihre Interessen und Ziele unser Kompass. Auf unserer gemeinsamen Route geben wir Ihnen ehrliche Ratschl\u00e4ge und unterst\u00fctzen Sie dabei, Ihre Risiken zu minimieren. So k\u00f6nnen Sie beruhigt und unbeschwert in einen neuen Lebensabschnitt starten.<\/p>\n\n<p>Unsere Vision<\/p>\n\n<h2 class=\"wp-block-heading\">Verm\u00f6genswerte optimal verwalten, um Verm\u00e4chtnisse zu bewahren.<br\/>Partnerschaftlich und erfolgreich.<\/h2>\n\n<div style=\"height:100px\" aria-hidden=\"true\" class=\"wp-block-spacer\"><\/div>\n\n<div class=\"wp-block-columns alignwide is-layout-flex wp-container-core-columns-is-layout-d0b3c9c8 wp-block-columns-is-layout-flex\">\n<div class=\"wp-block-column is-layout-flow wp-block-column-is-layout-flow\">\n<div class=\"wp-block-group infokastenmitring1 has-accent-6-background-color has-background has-global-padding is-layout-constrained wp-container-core-group-is-layout-5cffc2c1 wp-block-group-is-layout-constrained\" style=\"border-radius:25px;padding-top:var(--wp--preset--spacing--70);padding-right:var(--wp--preset--spacing--30);padding-bottom:var(--wp--preset--spacing--70);padding-left:var(--wp--preset--spacing--30)\">\n<h3 class=\"wp-block-heading\">Nachfolgeplanung<\/h3>\n\n\n\n<p>Oberste Priorit\u00e4t hat die reibungslose \u00dcbertragung Ihres Unternehmens, Ihres Verm\u00f6gens und Ihres Familienerbes, sichergestellt durch eine fachkundige Planung und umsichtige Koordination. Bei der Nachfolgeplanung begleiten wir Sie durch die Komplexit\u00e4t des Erbrechts, ber\u00fccksichtigen die Priorit\u00e4ten Ihrer Familie und besprechen strategische Verm\u00f6gens\u00fcbertragungen. Gemeinsam mit Ihnen erarbeiten wir ma\u00dfgeschneiderte L\u00f6sungen, die sowohl den Werten Ihrer Familie entsprechen als auch Ihre Steuerverbindlichkeiten ber\u00fccksichtigen.  <br\/><br\/><\/p>\n\n\n\n<p class=\"has-text-align-right\"><a href=\"https:\/\/familyoffice-360grad.ch\/de\/services\/\" data-type=\"page\" data-id=\"18\">Weiterlesen<\/a><\/p>\n<\/div>\n<\/div>\n\n\n\n<div class=\"wp-block-column is-layout-flow wp-block-column-is-layout-flow\">\n<div class=\"wp-block-group infokastenmitring2 has-accent-6-background-color has-background has-global-padding is-layout-constrained wp-container-core-group-is-layout-5cffc2c1 wp-block-group-is-layout-constrained\" style=\"border-radius:25px;padding-top:var(--wp--preset--spacing--70);padding-right:var(--wp--preset--spacing--30);padding-bottom:var(--wp--preset--spacing--70);padding-left:var(--wp--preset--spacing--30)\">\n<h3 class=\"wp-block-heading\">Strategische Verm\u00f6gensallokation<\/h3>\n\n\n\n<p>Langfristige finanzielle Stabilit\u00e4t und Wachstum sind das Ergebnis einer konsequenten, gut diversifizierten Anlagestrategie. Unser Service zur strategischen Verm\u00f6gensallokation konzentriert sich auf die Konsolidierung Ihrer Portfolios, um Risiko und Ertrag in Einklang mit Ihren individuellen Zielen und Ihrer Risikobereitschaft zu bringen.<br\/>Unser Ziel ist es, Ihr Verm\u00f6gen \u00fcber verschiedene Anlageklassen und Regionen hinweg zu optimieren, um den nachhaltigen Verm\u00f6gensschutz und -zuwachs f\u00fcr kommende Generationen zu sichern.  <\/p>\n\n\n\n<p class=\"has-text-align-right\"><a href=\"https:\/\/familyoffice-360grad.ch\/de\/services\/\" data-type=\"page\" data-id=\"18\">Weiterlese<\/a><a href=\"https:\/\/familyoffice-360grad.ch\/de\/services\/\" data-type=\"page\" data-id=\"18\">n<\/a><\/p>\n<\/div>\n<\/div>\n\n\n\n<div class=\"wp-block-column is-layout-flow wp-block-column-is-layout-flow\">\n<div class=\"wp-block-group infokastenmitring3 has-accent-6-background-color has-background has-global-padding is-layout-constrained wp-container-core-group-is-layout-5cffc2c1 wp-block-group-is-layout-constrained\" style=\"border-radius:25px;padding-top:var(--wp--preset--spacing--70);padding-right:var(--wp--preset--spacing--30);padding-bottom:var(--wp--preset--spacing--70);padding-left:var(--wp--preset--spacing--30)\">\n<h3 class=\"wp-block-heading\">Standortwechsel<\/h3>\n\n\n\n<p>Ein Umzug in die Schweiz bietet strategische Vorteile f\u00fcr international agierende Unternehmer, Investoren und deren Familien,die Stabilit\u00e4t, Vertraulichkeit und ein g\u00fcnstiges Steuerumfeld suchen. <br\/><br\/>Wir beraten Sie zu wichtigen Aspekten wie Aufenthaltsgenehmigungen, der ordentlichen und der Pauschalbesteuerung in der Schweiz und realisieren f\u00fcr Sie einen reibungslosen \u00dcbergang durch individuelle L\u00f6sungen und sorgf\u00e4ltige Koordination. <br\/><br\/><\/p>\n\n\n\n<p class=\"has-text-align-right\"><a href=\"https:\/\/familyoffice-360grad.ch\/de\/services\/\" data-type=\"page\" data-id=\"18\">Weiterlesen<\/a><\/p>\n<\/div>\n<\/div>\n<\/div>\n\n<div style=\"height:100px\" aria-hidden=\"true\" class=\"wp-block-spacer\"><\/div>\n\n<div class=\"wp-block-columns alignwide is-layout-flex wp-container-core-columns-is-layout-d0b3c9c8 wp-block-columns-is-layout-flex\">\n<div class=\"wp-block-column is-layout-flow wp-block-column-is-layout-flow\">\n<h2 class=\"wp-block-heading\"><br\/><br\/>Wir h\u00f6ren zu. <br\/>Wir verstehen. <br\/>Wir finden L\u00f6sungen.<\/h2>\n\n\n\n<p>Wir betrachten Familien als sich entwickelnde Systeme mit idealerweise gemeinsamen Werten, in denen Vertrauen bewahrt wird. Dies ber\u00fccksichtigen wir in unserer unabh\u00e4ngigen und umfassenden Beratung, um Ihre Finanzlandschaft zu organisieren und ggf. neu zu strukturieren.   <\/p>\n\n\n\n<p>Unsere oberste Mission ist es, Ihr Verm\u00f6gen zu erhalten und zu vermehren \u2013 stets fokussiert auf die individuellen Bed\u00fcrfnisse Ihrer Familie. Mit Transparenz, Diskretion und engagierter Expertise unterst\u00fctzen wir Sie auch in komplexen Situationen. So k\u00f6nnen wir gemeinsam Ihr Verm\u00e4chtnis f\u00fcr die Zukunft und die n\u00e4chste Generation sch\u00fctzen, sichern und st\u00e4rken. <\/p>\n<\/div>\n\n\n\n<div class=\"wp-block-column is-layout-flow wp-block-column-is-layout-flow\">\n<figure class=\"wp-block-image size-full has-custom-border tw-block-animation tw-animation-scale-in tw-duration-2\"><img loading=\"lazy\" decoding=\"async\" width=\"1080\" height=\"1080\" src=\"https:\/\/familyoffice-360grad.ch\/wp-content\/uploads\/2025\/10\/Ebene-29.jpg\" alt=\"\" class=\"wp-image-263\" style=\"border-radius:30px\" srcset=\"https:\/\/familyoffice-360grad.ch\/wp-content\/uploads\/2025\/10\/Ebene-29.jpg 1080w, https:\/\/familyoffice-360grad.ch\/wp-content\/uploads\/2025\/10\/Ebene-29-300x300.jpg 300w, https:\/\/familyoffice-360grad.ch\/wp-content\/uploads\/2025\/10\/Ebene-29-1024x1024.jpg 1024w, https:\/\/familyoffice-360grad.ch\/wp-content\/uploads\/2025\/10\/Ebene-29-150x150.jpg 150w, https:\/\/familyoffice-360grad.ch\/wp-content\/uploads\/2025\/10\/Ebene-29-768x768.jpg 768w\" sizes=\"auto, (max-width: 1080px) 100vw, 1080px\" \/><\/figure>\n<\/div>\n<\/div>\n\n<div style=\"height:100px\" aria-hidden=\"true\" class=\"wp-block-spacer\"><\/div>\n\n<div class=\"wp-block-columns alignwide is-layout-flex wp-container-core-columns-is-layout-d0b3c9c8 wp-block-columns-is-layout-flex\">\n<div class=\"wp-block-column is-layout-flow wp-block-column-is-layout-flow\" style=\"flex-basis:66.66%\">\n<div class=\"wp-block-group is-layout-grid wp-container-core-group-is-layout-b757edec wp-block-group-is-layout-grid\">\n<figure class=\"wp-block-image size-full has-custom-border tw-block-animation tw-animation-scale-in tw-duration-2\"><img loading=\"lazy\" decoding=\"async\" width=\"1080\" height=\"1080\" src=\"https:\/\/familyoffice-360grad.ch\/wp-content\/uploads\/2025\/10\/Ebene-66.jpg\" alt=\"\" class=\"wp-image-267\" style=\"border-radius:30px\" srcset=\"https:\/\/familyoffice-360grad.ch\/wp-content\/uploads\/2025\/10\/Ebene-66.jpg 1080w, https:\/\/familyoffice-360grad.ch\/wp-content\/uploads\/2025\/10\/Ebene-66-300x300.jpg 300w, https:\/\/familyoffice-360grad.ch\/wp-content\/uploads\/2025\/10\/Ebene-66-1024x1024.jpg 1024w, https:\/\/familyoffice-360grad.ch\/wp-content\/uploads\/2025\/10\/Ebene-66-150x150.jpg 150w, https:\/\/familyoffice-360grad.ch\/wp-content\/uploads\/2025\/10\/Ebene-66-768x768.jpg 768w\" sizes=\"auto, (max-width: 1080px) 100vw, 1080px\" \/><\/figure>\n\n\n\n<figure class=\"wp-block-image size-full has-custom-border tw-block-animation tw-animation-scale-in tw-duration-2\"><img loading=\"lazy\" decoding=\"async\" width=\"1080\" height=\"1080\" src=\"https:\/\/familyoffice-360grad.ch\/wp-content\/uploads\/2025\/10\/Ebene-27.jpg\" alt=\"\" class=\"wp-image-262\" style=\"border-radius:30px\" srcset=\"https:\/\/familyoffice-360grad.ch\/wp-content\/uploads\/2025\/10\/Ebene-27.jpg 1080w, https:\/\/familyoffice-360grad.ch\/wp-content\/uploads\/2025\/10\/Ebene-27-300x300.jpg 300w, https:\/\/familyoffice-360grad.ch\/wp-content\/uploads\/2025\/10\/Ebene-27-1024x1024.jpg 1024w, https:\/\/familyoffice-360grad.ch\/wp-content\/uploads\/2025\/10\/Ebene-27-150x150.jpg 150w, https:\/\/familyoffice-360grad.ch\/wp-content\/uploads\/2025\/10\/Ebene-27-768x768.jpg 768w\" sizes=\"auto, (max-width: 1080px) 100vw, 1080px\" \/><\/figure>\n\n\n\n<figure class=\"wp-block-image size-full has-custom-border tw-block-animation tw-animation-scale-in tw-duration-2\"><img loading=\"lazy\" decoding=\"async\" width=\"1080\" height=\"1080\" src=\"https:\/\/familyoffice-360grad.ch\/wp-content\/uploads\/2025\/10\/Ebene-43.jpg\" alt=\"\" class=\"wp-image-265\" style=\"border-radius:30px\" srcset=\"https:\/\/familyoffice-360grad.ch\/wp-content\/uploads\/2025\/10\/Ebene-43.jpg 1080w, https:\/\/familyoffice-360grad.ch\/wp-content\/uploads\/2025\/10\/Ebene-43-300x300.jpg 300w, https:\/\/familyoffice-360grad.ch\/wp-content\/uploads\/2025\/10\/Ebene-43-1024x1024.jpg 1024w, https:\/\/familyoffice-360grad.ch\/wp-content\/uploads\/2025\/10\/Ebene-43-150x150.jpg 150w, https:\/\/familyoffice-360grad.ch\/wp-content\/uploads\/2025\/10\/Ebene-43-768x768.jpg 768w\" sizes=\"auto, (max-width: 1080px) 100vw, 1080px\" \/><\/figure>\n\n\n\n<figure class=\"wp-block-image size-full has-custom-border tw-block-animation tw-animation-scale-in tw-duration-2\"><img loading=\"lazy\" decoding=\"async\" width=\"1080\" height=\"1080\" src=\"https:\/\/familyoffice-360grad.ch\/wp-content\/uploads\/2026\/02\/Ebene-85.jpg\" alt=\"\" class=\"wp-image-800\" style=\"border-radius:30px\" srcset=\"https:\/\/familyoffice-360grad.ch\/wp-content\/uploads\/2026\/02\/Ebene-85.jpg 1080w, https:\/\/familyoffice-360grad.ch\/wp-content\/uploads\/2026\/02\/Ebene-85-300x300.jpg 300w, https:\/\/familyoffice-360grad.ch\/wp-content\/uploads\/2026\/02\/Ebene-85-1024x1024.jpg 1024w, https:\/\/familyoffice-360grad.ch\/wp-content\/uploads\/2026\/02\/Ebene-85-150x150.jpg 150w, https:\/\/familyoffice-360grad.ch\/wp-content\/uploads\/2026\/02\/Ebene-85-768x768.jpg 768w\" sizes=\"auto, (max-width: 1080px) 100vw, 1080px\" \/><\/figure>\n<\/div>\n<\/div>\n\n\n\n<div class=\"wp-block-column is-vertically-aligned-center is-layout-flow wp-block-column-is-layout-flow\" style=\"flex-basis:33.33%\">\n<h2 class=\"wp-block-heading\">Den Familienkompass <br\/>verstehen<\/h2>\n\n\n\n<p>Unser Family Compass ist ein strategischer Ansatz, der die Werte, Ziele und Verm\u00f6gensstrategien Ihrer Familie aufeinander abstimmt und Sie bei komplexen Entscheidungen begleitet.<\/p>\n\n\n\n<p>Mit den richtigen Zielen und transparenter Kommunikation helfen wir Ihnen, durch Interessenkonflikte zu navigieren, um die Harmonie innerhalb der Unternehmerfamilie zu bewahren. Unsere Aufgabe ist es, die n\u00e4chste Generation mit einer ma\u00dfgeschneiderten L\u00f6sung auf die Zukunft vorzubereiten, damit sie die Kontinuit\u00e4t des Verm\u00f6gens und der Werte Ihrer Familie \u00fcbernehmen und sichern kann. <\/p>\n\n\n\n<p>Die sichere Navigation mit unserem Kompass sichert Familien einen starken Zusammenhalt, gesicherten Wohlstand und ein Verm\u00e4chtnis, das \u00fcber Generationen hinweg Bestand hat.<\/p>\n<\/div>\n<\/div>\n\n<div style=\"height:100px\" aria-hidden=\"true\" class=\"wp-block-spacer\"><\/div>\n","protected":false},"excerpt":{"rendered":"<p>Wir sch\u00fctzen Ihr Verm\u00e4chtnis.Und sichern die Zukunft. \u201eDas beste Erbe, das Eltern ihren Kindern hinterlassen k\u00f6nnen, ist eine gute Ausbildung und der kluge Umgang mit Verm\u00f6gen.\u201c John D. Rockefeller Wir sind ein Boutique Family Office, gegr\u00fcndet im Herzen der Schweiz von Unternehmern f\u00fcr Unternehmer. Dabei entwickeln wir durchdachte und ma\u00dfgeschneiderte L\u00f6sungen, um Gr\u00fcnder, ihre Familien [&hellip;]<\/p>\n","protected":false},"author":1,"featured_media":0,"parent":0,"menu_order":0,"comment_status":"closed","ping_status":"closed","template":"page-no-title","meta":{"footnotes":""},"class_list":["post-670","page","type-page","status-publish","hentry"],"_links":{"self":[{"href":"https:\/\/familyoffice-360grad.ch\/de\/wp-json\/wp\/v2\/pages\/670","targetHints":{"allow":["GET"]}}],"collection":[{"href":"https:\/\/familyoffice-360grad.ch\/de\/wp-json\/wp\/v2\/pages"}],"about":[{"href":"https:\/\/familyoffice-360grad.ch\/de\/wp-json\/wp\/v2\/types\/page"}],"author":[{"embeddable":true,"href":"https:\/\/familyoffice-360grad.ch\/de\/wp-json\/wp\/v2\/users\/1"}],"replies":[{"embeddable":true,"href":"https:\/\/familyoffice-360grad.ch\/de\/wp-json\/wp\/v2\/comments?post=670"}],"version-history":[{"count":8,"href":"https:\/\/familyoffice-360grad.ch\/de\/wp-json\/wp\/v2\/pages\/670\/revisions"}],"predecessor-version":[{"id":802,"href":"https:\/\/familyoffice-360grad.ch\/de\/wp-json\/wp\/v2\/pages\/670\/revisions\/802"}],"wp:attachment":[{"href":"https:\/\/familyoffice-360grad.ch\/de\/wp-json\/wp\/v2\/media?parent=670"}],"curies":[{"name":"wp","href":"https:\/\/api.w.org\/{rel}","templated":true}]}}