{"id":681,"date":"2025-09-15T16:54:21","date_gmt":"2025-09-15T14:54:21","guid":{"rendered":"https:\/\/familyoffice-360grad.ch\/2025\/mitgliedschaften\/"},"modified":"2026-02-27T16:43:23","modified_gmt":"2026-02-27T15:43:23","slug":"mitgliedschaften","status":"publish","type":"page","link":"https:\/\/familyoffice-360grad.ch\/de\/mitgliedschaften\/","title":{"rendered":"Mitgliedschaften"},"content":{"rendered":"\n<div class=\"wp-block-columns alignwide is-layout-flex wp-container-core-columns-is-layout-d0b3c9c8 wp-block-columns-is-layout-flex\">\n<div class=\"wp-block-column is-layout-flow wp-block-column-is-layout-flow\">\n<div class=\"wp-block-group alignwide has-global-padding is-layout-constrained wp-block-group-is-layout-constrained\">\n<button id=\"soundToggle\" aria-label=\"Sound umschalten\">\n  <img decoding=\"async\"\n    id=\"soundIcon\"\n    src=\"https:\/\/familyoffice-360grad.ch\/wp-content\/uploads\/2026\/01\/tonaus.png\"\n    alt=\"Ton aus\"\n  >\n<\/button>\n\n<script>\ndocument.addEventListener(\"DOMContentLoaded\", function () {\n  const container = document.getElementById(\"headervideo\");\n  if (!container) return;\n\n  const video = container.querySelector(\"video\");\n  if (!video) return;\n\n  const button = document.getElementById(\"soundToggle\");\n  const icon = document.getElementById(\"soundIcon\");\n\n  const ICON_ON  = \"https:\/\/familyoffice-360grad.ch\/wp-content\/uploads\/2026\/01\/tonan.png\";\n  const ICON_OFF = \"https:\/\/familyoffice-360grad.ch\/wp-content\/uploads\/2026\/01\/tonaus.png\";\n\n  \/\/ Startzustand (Autoplay \u2192 stumm)\n  video.muted = true;\n  icon.src = ICON_OFF;\n  icon.alt = \"Ton aus\";\n\n  button.addEventListener(\"click\", function () {\n    video.muted = !video.muted;\n\n    if (video.muted) {\n      icon.src = ICON_OFF;\n      icon.alt = \"Ton aus\";\n    } else {\n      icon.src = ICON_ON;\n      icon.alt = \"Ton an\";\n    }\n  });\n});\n<\/script>\n<\/div>\n\n\n\n<div class=\"wp-block-columns alignwide is-layout-flex wp-container-core-columns-is-layout-d0b3c9c8 wp-block-columns-is-layout-flex\">\n<div class=\"wp-block-column is-layout-flow wp-block-column-is-layout-flow\" style=\"flex-basis:100%\">\n<figure class=\"wp-block-video alignwide roundedvideo tw-sm-hidden\" id=\"headervideo\"><video height=\"700\" style=\"aspect-ratio: 1280 \/ 700;\" width=\"1280\" autoplay=\"\" loop=\"\" muted=\"\" preload=\"auto\" src=\"https:\/\/familyoffice-360grad.ch\/wp-content\/uploads\/2026\/02\/FO360_Webseite_Relaunch_Video_1280x700_network_komp.mp4\" playsinline=\"\"><\/video><\/figure>\n\n\n\n<figure class=\"wp-block-video alignwide roundedvideo tw-lg-hidden tw-md-hidden\" id=\"headervideo\"><video height=\"700\" style=\"aspect-ratio: 560 \/ 700;\" width=\"560\" autoplay=\"\" loop=\"\" muted=\"\" preload=\"auto\" src=\"https:\/\/familyoffice-360grad.ch\/wp-content\/uploads\/2026\/02\/FO360_Webseite_Relaunch_Video_1280x700_network_mobile_komp.mp4\" playsinline=\"\"><\/video><\/figure>\n<\/div>\n\n\n\n<div class=\"wp-block-column is-layout-flow wp-block-column-is-layout-flow\" style=\"flex-basis:2%\"><\/div>\n<\/div>\n\n\n\n<div class=\"wp-block-group alignwide has-global-padding is-layout-constrained wp-block-group-is-layout-constrained\">\n<div class=\"videokompass2\"> \n     <div class=\"videokompasstext\">\n          Family<span>Office<\/span><br\/>360grad<\/span>\n     <\/div>\n     <div class=\"videokompassimage\">\n          <img decoding=\"async\" src=\"https:\/\/familyoffice-360grad.ch\/wp-content\/uploads\/2026\/01\/FO360_Webseite_Relaunch_Screendesign_09_video_kompass.gif\">\n     <\/div>\n<\/div>\n<\/div>\n<\/div>\n<\/div>\n\n<div style=\"height:16px\" aria-hidden=\"true\" class=\"wp-block-spacer tw-md-hidden tw-lg-hidden spacernetwork\"><\/div>\n<div class=\"breadcrumbs align  wp-block-bcn-breadcrumb-trail has-text-color has-background has-small-font-size\" vocab=\"https:\/\/schema.org\/\" typeof=\"BreadcrumbList\">\n\t<span><\/span>\n\t<span property=\"itemListElement\" typeof=\"ListItem\"><a property=\"item\" typeof=\"WebPage\" title=\"Gehe zu Family Office 360grad AG.\" href=\"https:\/\/familyoffice-360grad.ch\/de\/\" class=\"home\" aria-current=\"page\"><span property=\"name\">Family Office 360grad AG<\/span><\/a><meta property=\"position\" content=\"1\"><\/span><\/div>\n\n<h2 class=\"wp-block-heading\">Partner<\/h2>\n\n<p>Die Family Office 360 Grad AG verf\u00fcgt \u00fcber umfassende internationale Expertise, eingebettet in ein leistungsstarkes globales und nationales Netzwerk mit Zugang zu den aktuellsten Informationen. Wir wissen: Die Bed\u00fcrfnisse unserer Kunden erfordern fundierte Fachkenntnisse in verschiedensten Bereichen, darunter Finanzierung, Verm\u00f6gensverwaltung, Rechts- und Steuerberatung, Restrukturierung, administrative Unterst\u00fctzung und Immobilienverwaltung. Daher erbringen alle unsere Partner erstklassige und ma\u00dfgeschneiderte Beratungsdienstleistungen.<\/p>\n\n<p class=\"has-accent-6-background-color has-background\" style=\"border-top-left-radius:12px;border-top-right-radius:12px;border-bottom-left-radius:12px;border-bottom-right-radius:12px\">F\u00fcr einen nahtlosen \u00dcbergang arbeiten wir auf Wunsch mit Ihren bestehenden Beratern zusammen, um eine reibungslose Kommunikation und h\u00f6chsten Komfort f\u00fcr Sie zu gew\u00e4hrleisten. Wir halten unser Fachwissen und unsere regionalen Kenntnisse stets auf Top-Niveau, um den individuellen Anforderungen jedes Kunden gerecht zu werden. Innerhalb unseres internationalen Netzwerks aus verl\u00e4sslichen Kooperationspartnern, Spezialisten und Dienstleistern bilden wir engagierte Teams, um Ihnen erstklassigen und zuverl\u00e4ssigen Service zu bieten \u2013 genau Ihren individuellen Bed\u00fcrfnissen entsprechend.<\/p>\n\n<div style=\"height:50px\" aria-hidden=\"true\" class=\"wp-block-spacer\"><\/div>\n\n<div class=\"wp-block-columns alignwide is-layout-flex wp-container-core-columns-is-layout-d0b3c9c8 wp-block-columns-is-layout-flex\">\n<div class=\"wp-block-column is-vertically-aligned-center is-layout-flow wp-block-column-is-layout-flow\">\n<h2 class=\"wp-block-heading has-text-align-right\"><br\/>Schweizer Finanzdienstleister<\/h2>\n\n\n\n<p class=\"has-text-align-right\"><strong>Reichmuth: <\/strong><a href=\"https:\/\/www.reichmuthco.ch\/\" target=\"_blank\" rel=\"noreferrer noopener\">www.reichmuthco.ch <\/a><br\/><strong>St.Galler Kantonalbank:<\/strong> <a href=\"https:\/\/www.sgkb.ch\/de\" target=\"_blank\" rel=\"noreferrer noopener\">www.sgkb.ch<\/a><\/p>\n<\/div>\n\n\n\n<div class=\"wp-block-column is-layout-flow wp-block-column-is-layout-flow\">\n<figure class=\"wp-block-image size-full has-custom-border tw-block-animation tw-animation-scale-in tw-duration-2\"><img loading=\"lazy\" decoding=\"async\" width=\"1920\" height=\"1080\" src=\"https:\/\/familyoffice-360grad.ch\/wp-content\/uploads\/2026\/01\/ch_01.jpg\" alt=\"\" class=\"wp-image-454\" style=\"border-radius:30px\" srcset=\"https:\/\/familyoffice-360grad.ch\/wp-content\/uploads\/2026\/01\/ch_01.jpg 1920w, https:\/\/familyoffice-360grad.ch\/wp-content\/uploads\/2026\/01\/ch_01-300x169.jpg 300w, https:\/\/familyoffice-360grad.ch\/wp-content\/uploads\/2026\/01\/ch_01-1024x576.jpg 1024w, https:\/\/familyoffice-360grad.ch\/wp-content\/uploads\/2026\/01\/ch_01-768x432.jpg 768w, https:\/\/familyoffice-360grad.ch\/wp-content\/uploads\/2026\/01\/ch_01-1536x864.jpg 1536w\" sizes=\"auto, (max-width: 1920px) 100vw, 1920px\" \/><\/figure>\n<\/div>\n<\/div>\n\n<div style=\"height:50px\" aria-hidden=\"true\" class=\"wp-block-spacer\"><\/div>\n\n<div class=\"wp-block-columns alignfull has-accent-6-background-color has-background is-layout-flex wp-container-core-columns-is-layout-d0b3c9c8 wp-block-columns-is-layout-flex\">\n<div class=\"wp-block-column is-layout-flow wp-block-column-is-layout-flow\">\n<figure class=\"wp-block-image size-full has-custom-border tw-block-animation tw-animation-scale-in tw-duration-2\" style=\"margin-top:var(--wp--preset--spacing--50);margin-right:var(--wp--preset--spacing--50);margin-bottom:var(--wp--preset--spacing--50);margin-left:var(--wp--preset--spacing--50)\"><img loading=\"lazy\" decoding=\"async\" width=\"1920\" height=\"1080\" src=\"https:\/\/familyoffice-360grad.ch\/wp-content\/uploads\/2025\/10\/Ebene-51-2.jpg\" alt=\"\" class=\"wp-image-374\" style=\"border-radius:30px\" srcset=\"https:\/\/familyoffice-360grad.ch\/wp-content\/uploads\/2025\/10\/Ebene-51-2.jpg 1920w, https:\/\/familyoffice-360grad.ch\/wp-content\/uploads\/2025\/10\/Ebene-51-2-300x169.jpg 300w, https:\/\/familyoffice-360grad.ch\/wp-content\/uploads\/2025\/10\/Ebene-51-2-1024x576.jpg 1024w, https:\/\/familyoffice-360grad.ch\/wp-content\/uploads\/2025\/10\/Ebene-51-2-768x432.jpg 768w, https:\/\/familyoffice-360grad.ch\/wp-content\/uploads\/2025\/10\/Ebene-51-2-1536x864.jpg 1536w\" sizes=\"auto, (max-width: 1920px) 100vw, 1920px\" \/><\/figure>\n<\/div>\n\n\n\n<div class=\"wp-block-column is-vertically-aligned-center is-layout-flow wp-block-column-is-layout-flow\">\n<h2 class=\"wp-block-heading\"><br\/>Recht &amp; Steuern<\/h2>\n\n\n\n<p><a href=\"http:\/\/www.auditrium.ch\/\" target=\"_blank\" rel=\"noreferrer noopener\">www.auditrium.ch<\/a><br\/><a href=\"http:\/\/gsk.de\/\" target=\"_blank\" rel=\"noreferrer noopener\">www.gsk.de<\/a><br\/><a href=\"http:\/\/www.tplusm.at\/\" target=\"_blank\" rel=\"noreferrer noopener\">www.tplusm.at<\/a><br\/><a href=\"http:\/\/www.helmreich-gruppe.de\/\" target=\"_blank\" rel=\"noreferrer noopener\">www.helmreich-gruppe.de<\/a><br\/><a href=\"http:\/\/www.riutordabogados.com\/en-gb\" target=\"_blank\" rel=\"noreferrer noopener\">www.riutordabogados.com\/en-gb<\/a><br\/><a href=\"http:\/\/www.bskp.de\" target=\"_blank\" rel=\"noreferrer noopener\">www.bskp.de<\/a><br\/><\/p>\n<\/div>\n<\/div>\n\n<div style=\"height:50px\" aria-hidden=\"true\" class=\"wp-block-spacer\"><\/div>\n\n<div class=\"wp-block-columns alignwide is-layout-flex wp-container-core-columns-is-layout-d0b3c9c8 wp-block-columns-is-layout-flex\">\n<div class=\"wp-block-column is-vertically-aligned-center is-layout-flow wp-block-column-is-layout-flow\">\n<h2 class=\"wp-block-heading has-text-align-right\"><br\/>Immobilien<\/h2>\n\n\n\n<p class=\"has-text-align-right\"><a href=\"http:\/\/www.globalwhitedolphingroup.com\" target=\"_blank\" rel=\"noreferrer noopener\">www.globalwhitedolphingroup.com<\/a><\/p>\n<\/div>\n\n\n\n<div class=\"wp-block-column is-layout-flow wp-block-column-is-layout-flow\">\n<figure class=\"wp-block-image size-large has-custom-border\"><img loading=\"lazy\" decoding=\"async\" width=\"1024\" height=\"574\" src=\"https:\/\/familyoffice-360grad.ch\/wp-content\/uploads\/2026\/01\/Ebene-70-1024x574.jpg\" alt=\"\" class=\"wp-image-459\" style=\"border-top-left-radius:30px;border-top-right-radius:30px;border-bottom-left-radius:30px;border-bottom-right-radius:30px\" srcset=\"https:\/\/familyoffice-360grad.ch\/wp-content\/uploads\/2026\/01\/Ebene-70-1024x574.jpg 1024w, https:\/\/familyoffice-360grad.ch\/wp-content\/uploads\/2026\/01\/Ebene-70-300x168.jpg 300w, https:\/\/familyoffice-360grad.ch\/wp-content\/uploads\/2026\/01\/Ebene-70-768x430.jpg 768w, https:\/\/familyoffice-360grad.ch\/wp-content\/uploads\/2026\/01\/Ebene-70-1536x861.jpg 1536w, https:\/\/familyoffice-360grad.ch\/wp-content\/uploads\/2026\/01\/Ebene-70-2048x1148.jpg 2048w\" sizes=\"auto, (max-width: 1024px) 100vw, 1024px\" \/><\/figure>\n<\/div>\n<\/div>\n\n<div style=\"height:50px\" aria-hidden=\"true\" class=\"wp-block-spacer\"><\/div>\n\n<div class=\"wp-block-columns alignfull has-accent-6-background-color has-background is-layout-flex wp-container-core-columns-is-layout-d0b3c9c8 wp-block-columns-is-layout-flex\">\n<div class=\"wp-block-column is-layout-flow wp-block-column-is-layout-flow\">\n<figure class=\"wp-block-image size-full has-custom-border tw-block-animation tw-animation-scale-in tw-duration-2\" style=\"margin-top:var(--wp--preset--spacing--50);margin-right:var(--wp--preset--spacing--50);margin-bottom:var(--wp--preset--spacing--50);margin-left:var(--wp--preset--spacing--50)\"><img loading=\"lazy\" decoding=\"async\" width=\"1920\" height=\"1080\" src=\"https:\/\/familyoffice-360grad.ch\/wp-content\/uploads\/2026\/01\/Ebene-47.jpg\" alt=\"\" class=\"wp-image-451\" style=\"border-radius:30px\" srcset=\"https:\/\/familyoffice-360grad.ch\/wp-content\/uploads\/2026\/01\/Ebene-47.jpg 1920w, https:\/\/familyoffice-360grad.ch\/wp-content\/uploads\/2026\/01\/Ebene-47-300x169.jpg 300w, https:\/\/familyoffice-360grad.ch\/wp-content\/uploads\/2026\/01\/Ebene-47-1024x576.jpg 1024w, https:\/\/familyoffice-360grad.ch\/wp-content\/uploads\/2026\/01\/Ebene-47-768x432.jpg 768w, https:\/\/familyoffice-360grad.ch\/wp-content\/uploads\/2026\/01\/Ebene-47-1536x864.jpg 1536w\" sizes=\"auto, (max-width: 1920px) 100vw, 1920px\" \/><\/figure>\n<\/div>\n\n\n\n<div class=\"wp-block-column is-vertically-aligned-center is-layout-flow wp-block-column-is-layout-flow\">\n<h2 class=\"wp-block-heading\">Lifestyle<\/h2>\n\n\n\n<p><strong>Weinlegende<\/strong> <a href=\"https:\/\/www.naegelsfoerst.de\/\" target=\"_blank\" rel=\"noreferrer noopener\">www.naegelsfoerst.de<\/a><br\/><strong>Diamonds<\/strong> <a href=\"https:\/\/www.dia-ma.de\/\" target=\"_blank\" rel=\"noreferrer noopener\">www.dia-ma.de<\/a><br\/><\/p>\n<\/div>\n<\/div>\n\n<div class=\"wp-block-columns alignwide is-layout-flex wp-container-core-columns-is-layout-d0b3c9c8 wp-block-columns-is-layout-flex\">\n<div class=\"wp-block-column is-layout-flow wp-block-column-is-layout-flow\" style=\"flex-basis:66.66%\"><\/div>\n<\/div>\n\n<p><\/p>\n","protected":false},"excerpt":{"rendered":"<p>Partner Die Family Office 360 Grad AG verf\u00fcgt \u00fcber umfassende internationale Expertise, eingebettet in ein leistungsstarkes globales und nationales Netzwerk mit Zugang zu den aktuellsten Informationen. Wir wissen: Die Bed\u00fcrfnisse unserer Kunden erfordern fundierte Fachkenntnisse in verschiedensten Bereichen, darunter Finanzierung, Verm\u00f6gensverwaltung, Rechts- und Steuerberatung, Restrukturierung, administrative Unterst\u00fctzung und Immobilienverwaltung. Daher erbringen alle unsere Partner erstklassige [&hellip;]<\/p>\n","protected":false},"author":1,"featured_media":0,"parent":0,"menu_order":0,"comment_status":"closed","ping_status":"closed","template":"page-no-title","meta":{"footnotes":""},"class_list":["post-681","page","type-page","status-publish","hentry"],"_links":{"self":[{"href":"https:\/\/familyoffice-360grad.ch\/de\/wp-json\/wp\/v2\/pages\/681","targetHints":{"allow":["GET"]}}],"collection":[{"href":"https:\/\/familyoffice-360grad.ch\/de\/wp-json\/wp\/v2\/pages"}],"about":[{"href":"https:\/\/familyoffice-360grad.ch\/de\/wp-json\/wp\/v2\/types\/page"}],"author":[{"embeddable":true,"href":"https:\/\/familyoffice-360grad.ch\/de\/wp-json\/wp\/v2\/users\/1"}],"replies":[{"embeddable":true,"href":"https:\/\/familyoffice-360grad.ch\/de\/wp-json\/wp\/v2\/comments?post=681"}],"version-history":[{"count":11,"href":"https:\/\/familyoffice-360grad.ch\/de\/wp-json\/wp\/v2\/pages\/681\/revisions"}],"predecessor-version":[{"id":984,"href":"https:\/\/familyoffice-360grad.ch\/de\/wp-json\/wp\/v2\/pages\/681\/revisions\/984"}],"wp:attachment":[{"href":"https:\/\/familyoffice-360grad.ch\/de\/wp-json\/wp\/v2\/media?parent=681"}],"curies":[{"name":"wp","href":"https:\/\/api.w.org\/{rel}","templated":true}]}}