{"id":699,"date":"2025-09-15T16:54:40","date_gmt":"2025-09-15T14:54:40","guid":{"rendered":"https:\/\/familyoffice-360grad.ch\/2025\/kontakt\/"},"modified":"2026-02-17T15:33:14","modified_gmt":"2026-02-17T14:33:14","slug":"kontakt","status":"publish","type":"page","link":"https:\/\/familyoffice-360grad.ch\/de\/kontakt\/","title":{"rendered":"Kontakt"},"content":{"rendered":"\n<div class=\"wp-block-group alignwide has-global-padding is-layout-constrained wp-block-group-is-layout-constrained\">\n<button id=\"soundToggle\" aria-label=\"Sound umschalten\">\n  <img decoding=\"async\"\n    id=\"soundIcon\"\n    src=\"https:\/\/familyoffice-360grad.ch\/wp-content\/uploads\/2026\/01\/tonaus.png\"\n    alt=\"Ton aus\"\n  >\n<\/button>\n\n<script>\ndocument.addEventListener(\"DOMContentLoaded\", function () {\n  const container = document.getElementById(\"headervideo\");\n  if (!container) return;\n\n  const video = container.querySelector(\"video\");\n  if (!video) return;\n\n  const button = document.getElementById(\"soundToggle\");\n  const icon = document.getElementById(\"soundIcon\");\n\n  const ICON_ON  = \"https:\/\/familyoffice-360grad.ch\/wp-content\/uploads\/2026\/01\/tonan.png\";\n  const ICON_OFF = \"https:\/\/familyoffice-360grad.ch\/wp-content\/uploads\/2026\/01\/tonaus.png\";\n\n  \/\/ Startzustand (Autoplay \u2192 stumm)\n  video.muted = true;\n  icon.src = ICON_OFF;\n  icon.alt = \"Ton aus\";\n\n  button.addEventListener(\"click\", function () {\n    video.muted = !video.muted;\n\n    if (video.muted) {\n      icon.src = ICON_OFF;\n      icon.alt = \"Ton aus\";\n    } else {\n      icon.src = ICON_ON;\n      icon.alt = \"Ton an\";\n    }\n  });\n});\n<\/script>\n<\/div>\n\n\n\n<div class=\"wp-block-columns alignwide is-layout-flex wp-container-core-columns-is-layout-d0b3c9c8 wp-block-columns-is-layout-flex\">\n<div class=\"wp-block-column is-layout-flow wp-block-column-is-layout-flow\" style=\"flex-basis:100%\">\n<figure class=\"wp-block-video alignwide roundedvideo tw-sm-hidden\" id=\"headervideo\"><video height=\"700\" style=\"aspect-ratio: 1280 \/ 700;\" width=\"1280\" autoplay loop muted preload=\"auto\" src=\"https:\/\/familyoffice-360grad.ch\/wp-content\/uploads\/2026\/02\/FO360_Webseite_Relaunch_Video_1280x700_n_Startseite.mp4\" playsinline><\/video><\/figure>\n\n\n\n<figure class=\"wp-block-video alignwide roundedvideo tw-lg-hidden tw-md-hidden\" id=\"headervideo\"><video height=\"700\" style=\"aspect-ratio: 560 \/ 700;\" width=\"560\" autoplay loop muted preload=\"auto\" src=\"https:\/\/familyoffice-360grad.ch\/wp-content\/uploads\/2026\/02\/FO360_Webseite_Relaunch_Video_1280x700_Startseite_mobile_komp.mp4\" playsinline><\/video><\/figure>\n<\/div>\n\n\n\n<div class=\"wp-block-column is-layout-flow wp-block-column-is-layout-flow\" style=\"flex-basis:2%\"><\/div>\n<\/div>\n\n\n\n<div class=\"wp-block-group alignwide has-global-padding is-layout-constrained wp-block-group-is-layout-constrained\">\n<div class=\"videokompass2\"> \n     <div class=\"videokompasstext\">\n          Family<span>Office<\/span><br\/>360grad<\/span>\n     <\/div>\n     <div class=\"videokompassimage\">\n          <img decoding=\"async\" src=\"https:\/\/familyoffice-360grad.ch\/wp-content\/uploads\/2026\/01\/FO360_Webseite_Relaunch_Screendesign_09_video_kompass.gif\">\n     <\/div>\n<\/div>\n<\/div>\n\n<div style=\"height:1px\" aria-hidden=\"true\" class=\"wp-block-spacer\"><\/div>\n<div class=\"breadcrumbs align  wp-block-bcn-breadcrumb-trail has-text-color has-background has-small-font-size\" vocab=\"https:\/\/schema.org\/\" typeof=\"BreadcrumbList\">\n\t<span><\/span>\n\t<span property=\"itemListElement\" typeof=\"ListItem\"><a property=\"item\" typeof=\"WebPage\" title=\"Gehe zu Family Office 360grad AG.\" href=\"https:\/\/familyoffice-360grad.ch\/de\/\" class=\"home\" aria-current=\"page\"><span property=\"name\">Family Office 360grad AG<\/span><\/a><meta property=\"position\" content=\"1\"><\/span><\/div>\n\n<h2 class=\"wp-block-heading\">Kontakt<\/h2>\n\n<p>Vereinbaren Sie noch heute einen Termin f\u00fcr eine vertrauliche Beratung und erfahren Sie, wie wir gemeinsam die Zukunft Ihrer Familie gestalten und sichern k\u00f6nnen.<br\/><br\/><strong>Family Office 360grad AG<\/strong><br\/>Stansstaderstrasse 90<br\/>6370 Stans<br\/>Switzerland<\/p>\n\n<div class=\"wp-block-columns is-layout-flex wp-container-core-columns-is-layout-d0b3c9c8 wp-block-columns-is-layout-flex\">\n<div class=\"wp-block-column is-layout-flow wp-block-column-is-layout-flow\">\n<figure class=\"wp-block-image size-full has-custom-border tw-block-animation tw-animation-scale-in tw-duration-2\"><img loading=\"lazy\" decoding=\"async\" width=\"600\" height=\"400\" src=\"https:\/\/familyoffice-360grad.ch\/wp-content\/uploads\/2025\/10\/thomas_zenner_geschaeftsfuehrer.jpg\" alt=\"\" class=\"wp-image-352\" style=\"border-radius:30px\" srcset=\"https:\/\/familyoffice-360grad.ch\/wp-content\/uploads\/2025\/10\/thomas_zenner_geschaeftsfuehrer.jpg 600w, https:\/\/familyoffice-360grad.ch\/wp-content\/uploads\/2025\/10\/thomas_zenner_geschaeftsfuehrer-300x200.jpg 300w\" sizes=\"auto, (max-width: 600px) 100vw, 600px\" \/><\/figure>\n\n\n\n<h3 class=\"wp-block-heading\">Thomas A. Zenner<\/h3>\n\n\n\n<p>Gesch\u00e4ftsf\u00fchrender<br\/>Gesellschafter<br\/><br\/>Telefon: +41 41 618 00 30<br\/><a href=\"mailto:t.zenner@familyoffice-360grad.ch\">t.zenner@familyoffice-360grad.ch<\/a><\/p>\n<\/div>\n\n\n\n<div class=\"wp-block-column is-layout-flow wp-block-column-is-layout-flow\">\n<figure class=\"wp-block-image size-full has-custom-border tw-block-animation tw-animation-scale-in tw-duration-2\"><img loading=\"lazy\" decoding=\"async\" width=\"600\" height=\"400\" src=\"https:\/\/familyoffice-360grad.ch\/wp-content\/uploads\/2025\/10\/fo360_patricia_santaella.jpg\" alt=\"\" class=\"wp-image-351\" style=\"border-radius:30px\" srcset=\"https:\/\/familyoffice-360grad.ch\/wp-content\/uploads\/2025\/10\/fo360_patricia_santaella.jpg 600w, https:\/\/familyoffice-360grad.ch\/wp-content\/uploads\/2025\/10\/fo360_patricia_santaella-300x200.jpg 300w\" sizes=\"auto, (max-width: 600px) 100vw, 600px\" \/><\/figure>\n\n\n\n<h3 class=\"wp-block-heading\">Patricia Santaella<\/h3>\n\n\n\n<p>Assistenz der Gesch\u00e4ftsleitung<br\/>Betreuung Auslandsimmobilien<br\/><br\/>Telefon: +41 41 618 00 32<br\/><a href=\"mailto:p.santaella@familyoffice-360grad.ch\">p.santaella@familyoffice-360grad.ch<\/a><\/p>\n<\/div>\n<\/div>\n","protected":false},"excerpt":{"rendered":"<p>Kontakt Vereinbaren Sie noch heute einen Termin f\u00fcr eine vertrauliche Beratung und erfahren Sie, wie wir gemeinsam die Zukunft Ihrer Familie gestalten und sichern k\u00f6nnen. Family Office 360grad AGStansstaderstrasse 906370 StansSwitzerland Thomas A. Zenner Gesch\u00e4ftsf\u00fchrenderGesellschafter Telefon: +41 41 618 00 30t.zenner@familyoffice-360grad.ch Patricia Santaella Assistenz der Gesch\u00e4ftsleitungBetreuung Auslandsimmobilien Telefon: +41 41 618 00 32p.santaella@familyoffice-360grad.ch<\/p>\n","protected":false},"author":1,"featured_media":0,"parent":0,"menu_order":0,"comment_status":"closed","ping_status":"closed","template":"page-no-title","meta":{"footnotes":""},"class_list":["post-699","page","type-page","status-publish","hentry"],"_links":{"self":[{"href":"https:\/\/familyoffice-360grad.ch\/de\/wp-json\/wp\/v2\/pages\/699","targetHints":{"allow":["GET"]}}],"collection":[{"href":"https:\/\/familyoffice-360grad.ch\/de\/wp-json\/wp\/v2\/pages"}],"about":[{"href":"https:\/\/familyoffice-360grad.ch\/de\/wp-json\/wp\/v2\/types\/page"}],"author":[{"embeddable":true,"href":"https:\/\/familyoffice-360grad.ch\/de\/wp-json\/wp\/v2\/users\/1"}],"replies":[{"embeddable":true,"href":"https:\/\/familyoffice-360grad.ch\/de\/wp-json\/wp\/v2\/comments?post=699"}],"version-history":[{"count":8,"href":"https:\/\/familyoffice-360grad.ch\/de\/wp-json\/wp\/v2\/pages\/699\/revisions"}],"predecessor-version":[{"id":933,"href":"https:\/\/familyoffice-360grad.ch\/de\/wp-json\/wp\/v2\/pages\/699\/revisions\/933"}],"wp:attachment":[{"href":"https:\/\/familyoffice-360grad.ch\/de\/wp-json\/wp\/v2\/media?parent=699"}],"curies":[{"name":"wp","href":"https:\/\/api.w.org\/{rel}","templated":true}]}}