{"id":712,"date":"2025-09-15T16:53:32","date_gmt":"2025-09-15T14:53:32","guid":{"rendered":"https:\/\/familyoffice-360grad.ch\/2025\/services\/"},"modified":"2026-02-12T18:05:05","modified_gmt":"2026-02-12T17:05:05","slug":"services","status":"publish","type":"page","link":"https:\/\/familyoffice-360grad.ch\/de\/services\/","title":{"rendered":"Services"},"content":{"rendered":"\n<div class=\"wp-block-group alignwide has-global-padding is-layout-constrained wp-block-group-is-layout-constrained\">\n<button id=\"soundToggle\" aria-label=\"Sound umschalten\">\n  <img decoding=\"async\"\n    id=\"soundIcon\"\n    src=\"https:\/\/familyoffice-360grad.ch\/wp-content\/uploads\/2026\/01\/tonaus.png\"\n    alt=\"Ton aus\"\n  >\n<\/button>\n\n<script>\ndocument.addEventListener(\"DOMContentLoaded\", function () {\n  const container = document.getElementById(\"headervideo\");\n  if (!container) return;\n\n  const video = container.querySelector(\"video\");\n  if (!video) return;\n\n  const button = document.getElementById(\"soundToggle\");\n  const icon = document.getElementById(\"soundIcon\");\n\n  const ICON_ON  = \"https:\/\/familyoffice-360grad.ch\/wp-content\/uploads\/2026\/01\/tonan.png\";\n  const ICON_OFF = \"https:\/\/familyoffice-360grad.ch\/wp-content\/uploads\/2026\/01\/tonaus.png\";\n\n  \/\/ Startzustand (Autoplay \u2192 stumm)\n  video.muted = true;\n  icon.src = ICON_OFF;\n  icon.alt = \"Ton aus\";\n\n  button.addEventListener(\"click\", function () {\n    video.muted = !video.muted;\n\n    if (video.muted) {\n      icon.src = ICON_OFF;\n      icon.alt = \"Ton aus\";\n    } else {\n      icon.src = ICON_ON;\n      icon.alt = \"Ton an\";\n    }\n  });\n});\n<\/script>\n<\/div>\n\n<div class=\"wp-block-columns alignwide is-layout-flex wp-container-core-columns-is-layout-d0b3c9c8 wp-block-columns-is-layout-flex\">\n<div class=\"wp-block-column is-layout-flow wp-block-column-is-layout-flow\" style=\"flex-basis:100%\">\n<figure class=\"wp-block-video alignwide roundedvideo tw-sm-hidden\" id=\"headervideo\"><video height=\"700\" style=\"aspect-ratio: 1280 \/ 700;\" width=\"1280\" autoplay=\"\" loop=\"\" muted=\"\" preload=\"auto\" src=\"https:\/\/familyoffice-360grad.ch\/wp-content\/uploads\/2026\/02\/FO360_Webseite_Relaunch_Video_1280x700_service_komp.mp4\" playsinline=\"\"><\/video><\/figure>\n\n\n\n<figure class=\"wp-block-video alignwide roundedvideo tw-lg-hidden tw-md-hidden\" id=\"headervideo\"><video height=\"700\" style=\"aspect-ratio: 560 \/ 700;\" width=\"560\" autoplay=\"\" loop=\"\" muted=\"\" preload=\"auto\" src=\"https:\/\/familyoffice-360grad.ch\/wp-content\/uploads\/2026\/02\/FO360_Webseite_Relaunch_Video_1280x700_service_mobile_komp.mp4\" playsinline=\"\"><\/video><\/figure>\n<\/div>\n\n\n\n<div class=\"wp-block-column is-layout-flow wp-block-column-is-layout-flow\" style=\"flex-basis:2%\"><\/div>\n<\/div>\n\n<div class=\"wp-block-group alignwide has-global-padding is-layout-constrained wp-block-group-is-layout-constrained\">\n<div class=\"videokompass2\"> \n     <div class=\"videokompasstext\">\n          Family<span>Office<\/span><br\/>360grad<\/span>\n     <\/div>\n     <div class=\"videokompassimage\">\n          <img decoding=\"async\" src=\"https:\/\/familyoffice-360grad.ch\/wp-content\/uploads\/2026\/01\/FO360_Webseite_Relaunch_Screendesign_09_video_kompass.gif\">\n     <\/div>\n<\/div>\n<\/div>\n\n<div style=\"height:1px\" aria-hidden=\"true\" class=\"wp-block-spacer\"><\/div>\n<div class=\"breadcrumbs align  wp-block-bcn-breadcrumb-trail has-text-color has-background has-small-font-size\" vocab=\"https:\/\/schema.org\/\" typeof=\"BreadcrumbList\">\n\t<span><\/span>\n\t<span property=\"itemListElement\" typeof=\"ListItem\"><a property=\"item\" typeof=\"WebPage\" title=\"Gehe zu Family Office 360grad AG.\" href=\"https:\/\/familyoffice-360grad.ch\/de\/\" class=\"home\" aria-current=\"page\"><span property=\"name\">Family Office 360grad AG<\/span><\/a><meta property=\"position\" content=\"1\"><\/span><\/div>\n\n<h2 class=\"wp-block-heading\">Nachfolgeplanung<\/h2>\n\n<pre class=\"wp-block-verse has-large-font-size\"><strong>\u201eBewahren Sie die Harmonie in Ihrer Familie und Ihrem Unternehmen\u201c<\/strong><\/pre>\n\n<p><strong> <\/strong>Die nahtlose \u00dcbertragung Ihres Unternehmens, Ihres Verm\u00f6gens und Ihres Familienerbes erfordert eine kompetente Planung und eine durchdachte Koordination. Unsere umfassende Nachfolgeplanung f\u00fchrt Sie durch die Komplexit\u00e4t des Erbrechts, ber\u00fccksichtigt die Priorit\u00e4ten Ihrer Familie und erarbeitet eine Strategie f\u00fcr die Verm\u00f6gens\u00fcbertragung. Dabei entwickeln wir individuelle L\u00f6sungen, die den Werten Ihrer Familie entsprechen, steuerliche Verpflichtungen ber\u00fccksichtigen und die Harmonie \u00fcber Generationen hinweg bewahren. Mit unserer Unterst\u00fctzung k\u00f6nnen Sie die Zukunft Ihrer Familie sichern und Ihr Verm\u00e4chtnis f\u00fcr Ihre Nachkommen erhalten.<\/p>\n\n<p>Unser Ansatz f\u00fcr die Familienstrategie ist ganzheitlich und langfristig ausgerichtet. Daher kombinieren wir Nachlassplanung und famili\u00e4re Unternehmensf\u00fchrung, um eine solide finanzielle Zukunft aufzubauen. Wir kennen die wachsende Bedeutung von Weitsicht, strategischer Planung und Konfliktvermeidung unter Erben. Daher haben wir diese Themen fr\u00fchzeitig im Blick, damit Sie unbeschwert bleiben und die Harmonie in Ihrer Familie gewahrt bleibt. Auf Wunsch unterst\u00fctzen wir Sie auch bei der Harmonisierung von Nachfolgepl\u00e4nen sowie bei der Erstellung von Notfallprotokollen. Denn die Stabilit\u00e4t Ihrer Familie und der sichere Fortbestand f\u00fcr kommende Generationen sind unser h\u00f6chstes Ziel.<\/p>\n\n<div style=\"height:100px\" aria-hidden=\"true\" class=\"wp-block-spacer\"><\/div>\n\n<div class=\"wp-block-group alignfull has-accent-6-background-color has-background has-global-padding is-layout-constrained wp-container-core-group-is-layout-27ee5042 wp-block-group-is-layout-constrained\" style=\"border-style:none;border-width:0px;border-top-left-radius:30px;border-top-right-radius:30px;border-bottom-left-radius:30px;border-bottom-right-radius:30px;margin-top:0;margin-bottom:0;padding-top:var(--wp--preset--spacing--40);padding-right:var(--wp--preset--spacing--40);padding-bottom:var(--wp--preset--spacing--40);padding-left:var(--wp--preset--spacing--40)\">\n<h2 class=\"wp-block-heading\">Strategische Verm\u00f6gensallokation<\/h2>\n\n\n\n<pre class=\"wp-block-verse has-large-font-size\"><strong>\u201eDiversifizieren, um zu sch\u00fctzen und zu wachsen\u201d<\/strong><\/pre>\n\n\n\n<p><strong> <\/strong>Langfristige finanzielle Stabilit\u00e4t und Wachstum beginnen mit einer konsequenten, gut diversifizierten Anlagestrategie. Daher konzentriert sich unser strategischer Verm\u00f6gensallokationsservice auf die Konsolidierung Ihrer Portfolios, um Risiko und Ertrag in Einklang zu bringen, abgestimmt auf Ihre individuellen Ziele und Ihre Risikobereitschaft. Zuerst analysieren wir die wirtschaftlichen Perspektiven und die spezifischen Bed\u00fcrfnisse Ihrer Familie, um aus diesen Erkenntnissen einen robusten Plan zu entwickeln, der standh\u00e4lt, auch wenn die Marktbedingungen rauer werden. So gelingt es uns, Ihr Verm\u00f6gen \u00fcber verschiedene Anlageklassen und Regionen hinweg zu optimieren und einen nachhaltigen Verm\u00f6gensschutz sowie -zuwachs f\u00fcr kommende Generationen sicherzustellen.<\/p>\n\n\n\n<p>Daf\u00fcr bietet unser Family Office umfassende Dienstleistungen: Wir sind spezialisiert auf strategische Verm\u00f6gensplanung mit Schwerpunkt auf langfristigem Cashflow-Management und Immobilieninvestitionsstrategien. We specialize in strategic asset planning with a focus on long-term cash flow management and real estate investment strategies. Unsere Expertise umfasst die Konsolidierung von Verm\u00f6genswerten, die Analyse finanzieller Risiken sowie eine detaillierte Finanzbuchhaltung und Budgetplanung.<\/p>\n\n\n\n<p>Um Ihre Verm\u00f6gensverwaltung effizienter zu gestalten, bieten wir Ihnen konsolidierte Berichte, die Ihre Bankbeziehungen und Verm\u00f6genswerte \u00fcber mehrere L\u00e4nder hinweg vereinfachen. Zudem unterst\u00fctzen wir Sie bei Transaktionen im Zusammenhang mit Familiennachfolge und Immobilienportfoliostrategien sowie bei der Gr\u00fcndung und \u00dcberwachung von Unternehmen. Mit besonderem Schwerpunkt auf internationaler Diversifizierung, insbesondere in der Schweiz und den USA, beraten wir Sie \u201eState of the Art\u201c, um den Wohlstand Ihrer Familie weltweit zu sichern und auszubauen.<\/p>\n<\/div>\n\n<div style=\"height:100px\" aria-hidden=\"true\" class=\"wp-block-spacer\"><\/div>\n\n<h2 class=\"wp-block-heading\">Umzug ins Herz Europas<\/h2>\n\n<p>Ein Umzug in die Schweiz bietet strategische Vorteile f\u00fcr international mobile Unternehmer, Investoren und deren Familien, die Stabilit\u00e4t, Diskretion und ein g\u00fcnstiges Steuerumfeld suchen. Mit langj\u00e4hriger Erfahrung beraten wir Sie zu wichtigen Aspekten wie Aufenthaltsgenehmigungen, ordentlicher Besteuerung und Pauschalbesteuerung in der Schweiz und erstellen ma\u00dfgeschneiderte L\u00f6sungen f\u00fcr einen reibungslosen \u00dcbergang \u2013 unter Ber\u00fccksichtigung rechtlicher, steuerlicher und administrativer Aspekte. Von der Aufenthalts- und Steuerplanung \u00fcber die Auswahl des idealen Standorts bis hin zur Abwicklung grenz\u00fcberschreitender Angelegenheiten sorgen wir daf\u00fcr, dass Ihr Umzug die langfristigen Ziele Ihrer Familie bef\u00f6rdert. Mit unserer Expertise verl\u00e4uft Ihr Umzug reibungslos und sicher.<\/p>\n\n<figure class=\"wp-block-image size-large\"><img loading=\"lazy\" decoding=\"async\" width=\"1024\" height=\"576\" src=\"https:\/\/familyoffice-360grad.ch\/wp-content\/uploads\/2026\/02\/FO360_Karte_Schweiz-1024x576.png\" alt=\"\" class=\"wp-image-613\" srcset=\"https:\/\/familyoffice-360grad.ch\/wp-content\/uploads\/2026\/02\/FO360_Karte_Schweiz-1024x576.png 1024w, https:\/\/familyoffice-360grad.ch\/wp-content\/uploads\/2026\/02\/FO360_Karte_Schweiz-300x169.png 300w, https:\/\/familyoffice-360grad.ch\/wp-content\/uploads\/2026\/02\/FO360_Karte_Schweiz-768x432.png 768w, https:\/\/familyoffice-360grad.ch\/wp-content\/uploads\/2026\/02\/FO360_Karte_Schweiz-1536x864.png 1536w, https:\/\/familyoffice-360grad.ch\/wp-content\/uploads\/2026\/02\/FO360_Karte_Schweiz.png 1920w\" sizes=\"auto, (max-width: 1024px) 100vw, 1024px\" \/><\/figure>\n\n<div class=\"wp-block-columns alignwide is-layout-flex wp-container-core-columns-is-layout-d0b3c9c8 wp-block-columns-is-layout-flex\">\n<div class=\"wp-block-column is-layout-flow wp-block-column-is-layout-flow\">\n<div class=\"wp-block-group has-accent-6-background-color has-background has-global-padding is-layout-constrained wp-container-core-group-is-layout-66f90f0b wp-block-group-is-layout-constrained\" style=\"border-top-left-radius:30px;border-top-right-radius:30px;border-bottom-left-radius:30px;border-bottom-right-radius:30px;margin-top:var(--wp--preset--spacing--30);margin-bottom:var(--wp--preset--spacing--30);padding-top:var(--wp--preset--spacing--40);padding-right:var(--wp--preset--spacing--40);padding-bottom:var(--wp--preset--spacing--40);padding-left:var(--wp--preset--spacing--40)\">\n<h2 class=\"wp-block-heading\"><strong>Warum die Schweiz? <\/strong> <\/h2>\n\n\n\n<p>Die Schweiz gilt seit jeher als idealer Standort und bietet eine einzigartige Kombination aus Stabilit\u00e4t, einem attraktiven Steuersystem, Kultiviertheit und Lebensqualit\u00e4t. Das politische, soziale und wirtschaftliche Umfeld ist durch langj\u00e4hrige Stabilit\u00e4t und Neutralit\u00e4t gekennzeichnet und bietet eine sichere Grundlage f\u00fcr Familien und Unternehmen gleicherma\u00dfen. Dank ihrer zentralen Lage im Herzen Europas und ihrer internationalen Stellung ist die Schweiz weltweit wettbewerbsf\u00e4hig. Dabei garantieren die hochqualifizierten, mehrsprachigen Arbeitskr\u00e4fte des Landes Zugang zu erstklassigen Fachkr\u00e4ften in verschiedenen Branchen und unterst\u00fctzen sowohl pers\u00f6nliche als auch investitionsbezogene Vorhaben. <\/p>\n\n\n\n<p>Die Schweiz verf\u00fcgt \u00fcber eine erstklassige Infrastruktur, einschlie\u00dflich modernster Verkehrs-, Gesundheits- und Kommunikationssysteme, die den hohen Lebensstandard des Landes untermauern. Dabei wird das g\u00fcnstige Gesch\u00e4ftsklima durch hochentwickelte Bankdienstleistungen und ein robustes Finanzsystem erg\u00e4nzt, was die Schweiz zu einem erstklassigen Standort f\u00fcr die Verm\u00f6gensverwaltung und umfangreiche Investitionen macht.<\/p>\n<\/div>\n<\/div>\n\n\n\n<div class=\"wp-block-column is-vertically-aligned-center is-layout-flow wp-block-column-is-layout-flow\">\n<div class=\"wp-block-group is-layout-grid wp-container-core-group-is-layout-e2bd5cb0 wp-block-group-is-layout-grid\">\n<div class=\"wp-block-columns is-layout-flex wp-container-core-columns-is-layout-d0b3c9c8 wp-block-columns-is-layout-flex\">\n<div class=\"wp-block-column is-vertically-aligned-bottom is-layout-flow wp-block-column-is-layout-flow\">\n<figure class=\"wp-block-image alignleft size-full is-resized\"><img loading=\"lazy\" decoding=\"async\" width=\"200\" height=\"200\" src=\"https:\/\/familyoffice-360grad.ch\/wp-content\/uploads\/2026\/02\/FO360_Flagge_Schweiz.png\" alt=\"\" class=\"wp-image-612\" style=\"width:50px\" srcset=\"https:\/\/familyoffice-360grad.ch\/wp-content\/uploads\/2026\/02\/FO360_Flagge_Schweiz.png 200w, https:\/\/familyoffice-360grad.ch\/wp-content\/uploads\/2026\/02\/FO360_Flagge_Schweiz-150x150.png 150w\" sizes=\"auto, (max-width: 200px) 100vw, 200px\" \/><\/figure>\n<\/div>\n\n\n\n<div class=\"wp-block-column is-layout-flow wp-block-column-is-layout-flow\"><\/div>\n<\/div>\n\n\n\n<figure class=\"wp-block-image size-full has-custom-border wp-container-content-64aeeb98 tw-block-animation tw-animation-scale-in tw-duration-2\"><img loading=\"lazy\" decoding=\"async\" width=\"1920\" height=\"1080\" src=\"https:\/\/familyoffice-360grad.ch\/wp-content\/uploads\/2026\/01\/ch_01.jpg\" alt=\"\" class=\"wp-image-454\" style=\"border-radius:30px\" srcset=\"https:\/\/familyoffice-360grad.ch\/wp-content\/uploads\/2026\/01\/ch_01.jpg 1920w, https:\/\/familyoffice-360grad.ch\/wp-content\/uploads\/2026\/01\/ch_01-300x169.jpg 300w, https:\/\/familyoffice-360grad.ch\/wp-content\/uploads\/2026\/01\/ch_01-1024x576.jpg 1024w, https:\/\/familyoffice-360grad.ch\/wp-content\/uploads\/2026\/01\/ch_01-768x432.jpg 768w, https:\/\/familyoffice-360grad.ch\/wp-content\/uploads\/2026\/01\/ch_01-1536x864.jpg 1536w\" sizes=\"auto, (max-width: 1920px) 100vw, 1920px\" \/><\/figure>\n<\/div>\n<\/div>\n<\/div>\n\n<p>Besonders attraktiv ist auch der einzigartige Lebensstil des Landes vor der Kulisse atemberaubender Naturlandschaften, gepr\u00e4gt von sauberer Luft, Freizeitm\u00f6glichkeiten im Freien und einer gesunden Umwelt, was zum allgemeinen Wohlbefinden beitr\u00e4gt. Auch im Bereich der Bildung liegt die Schweiz auf h\u00f6chstem Niveau und beherbergt einige der renommiertesten Schulen der Welt; somit ist f\u00fcr Familien eine vorbildliche Ausbildung gew\u00e4hrleistet. Dar\u00fcber hinaus steigern das attraktive Steuersystem des Landes und potenzielle Anreize f\u00fcr bedeutende Investitionen seine Attraktivit\u00e4t zus\u00e4tzlich. F\u00fcr anspruchsvolle Familien, die Stabilit\u00e4t, Luxus und Wachstumschancen suchen, bleibt die Schweiz die erste Wahl.<\/p>\n\n<p>Unser Vorteil: Durch unsere Pr\u00e4senz vor Ort in der Schweiz ist es besonders leicht, mit unseren Kunden enge Beziehungen zu pflegen und sie als Navigator bei allen Bed\u00fcrfnissen und Anliegen zu begleiten.<\/p>\n\n<div style=\"height:100px\" aria-hidden=\"true\" class=\"wp-block-spacer\"><\/div>\n\n<div class=\"wp-block-columns alignwide is-layout-flex wp-container-core-columns-is-layout-d0b3c9c8 wp-block-columns-is-layout-flex\">\n<div class=\"wp-block-column is-layout-flow wp-block-column-is-layout-flow\">\n<div class=\"wp-block-group is-layout-grid wp-container-core-group-is-layout-b757edec wp-block-group-is-layout-grid tw-block-animation tw-animation-scale-in\">\n<figure class=\"wp-block-image size-full has-custom-border tw-block-animation tw-animation-scale-in tw-duration-2\" style=\"margin-top:var(--wp--preset--spacing--50);margin-right:var(--wp--preset--spacing--50);margin-bottom:var(--wp--preset--spacing--50);margin-left:var(--wp--preset--spacing--50)\"><img loading=\"lazy\" decoding=\"async\" width=\"212\" height=\"212\" src=\"https:\/\/familyoffice-360grad.ch\/wp-content\/uploads\/2026\/01\/FO360_Webseite_Relaunch_Screendesign_09_video_kompass.gif\" alt=\"\" class=\"wp-image-487\" style=\"border-radius:30px\"\/><\/figure>\n\n\n\n<figure class=\"wp-block-image size-full has-custom-border tw-block-animation tw-animation-scale-in tw-duration-2\"><img loading=\"lazy\" decoding=\"async\" width=\"1080\" height=\"1080\" src=\"https:\/\/familyoffice-360grad.ch\/wp-content\/uploads\/2026\/02\/Ebene-71.jpg\" alt=\"\" class=\"wp-image-624\" style=\"border-radius:30px\" srcset=\"https:\/\/familyoffice-360grad.ch\/wp-content\/uploads\/2026\/02\/Ebene-71.jpg 1080w, https:\/\/familyoffice-360grad.ch\/wp-content\/uploads\/2026\/02\/Ebene-71-300x300.jpg 300w, https:\/\/familyoffice-360grad.ch\/wp-content\/uploads\/2026\/02\/Ebene-71-1024x1024.jpg 1024w, https:\/\/familyoffice-360grad.ch\/wp-content\/uploads\/2026\/02\/Ebene-71-150x150.jpg 150w, https:\/\/familyoffice-360grad.ch\/wp-content\/uploads\/2026\/02\/Ebene-71-768x768.jpg 768w\" sizes=\"auto, (max-width: 1080px) 100vw, 1080px\" \/><\/figure>\n\n\n\n<figure class=\"wp-block-image size-full has-custom-border tw-block-animation tw-animation-scale-in tw-duration-2\"><img loading=\"lazy\" decoding=\"async\" width=\"1080\" height=\"1080\" src=\"https:\/\/familyoffice-360grad.ch\/wp-content\/uploads\/2026\/02\/Ebene-74.jpg\" alt=\"\" class=\"wp-image-627\" style=\"border-radius:30px\" srcset=\"https:\/\/familyoffice-360grad.ch\/wp-content\/uploads\/2026\/02\/Ebene-74.jpg 1080w, https:\/\/familyoffice-360grad.ch\/wp-content\/uploads\/2026\/02\/Ebene-74-300x300.jpg 300w, https:\/\/familyoffice-360grad.ch\/wp-content\/uploads\/2026\/02\/Ebene-74-1024x1024.jpg 1024w, https:\/\/familyoffice-360grad.ch\/wp-content\/uploads\/2026\/02\/Ebene-74-150x150.jpg 150w, https:\/\/familyoffice-360grad.ch\/wp-content\/uploads\/2026\/02\/Ebene-74-768x768.jpg 768w\" sizes=\"auto, (max-width: 1080px) 100vw, 1080px\" \/><\/figure>\n\n\n\n<figure class=\"wp-block-image size-full has-custom-border tw-block-animation tw-animation-scale-in tw-duration-2\"><img loading=\"lazy\" decoding=\"async\" width=\"1080\" height=\"1080\" src=\"https:\/\/familyoffice-360grad.ch\/wp-content\/uploads\/2026\/02\/Ebene-70.jpg\" alt=\"\" class=\"wp-image-623\" style=\"border-radius:30px\" srcset=\"https:\/\/familyoffice-360grad.ch\/wp-content\/uploads\/2026\/02\/Ebene-70.jpg 1080w, https:\/\/familyoffice-360grad.ch\/wp-content\/uploads\/2026\/02\/Ebene-70-300x300.jpg 300w, https:\/\/familyoffice-360grad.ch\/wp-content\/uploads\/2026\/02\/Ebene-70-1024x1024.jpg 1024w, https:\/\/familyoffice-360grad.ch\/wp-content\/uploads\/2026\/02\/Ebene-70-150x150.jpg 150w, https:\/\/familyoffice-360grad.ch\/wp-content\/uploads\/2026\/02\/Ebene-70-768x768.jpg 768w\" sizes=\"auto, (max-width: 1080px) 100vw, 1080px\" \/><\/figure>\n<\/div>\n<\/div>\n\n\n\n<div class=\"wp-block-column is-vertically-aligned-stretch is-layout-flow wp-block-column-is-layout-flow\">\n<div class=\"wp-block-group has-global-padding is-layout-constrained wp-container-core-group-is-layout-c62b3aa4 wp-block-group-is-layout-constrained\" style=\"border-top-left-radius:30px;border-top-right-radius:30px;border-bottom-left-radius:30px;border-bottom-right-radius:30px;margin-top:var(--wp--preset--spacing--30);margin-bottom:var(--wp--preset--spacing--30);padding-top:var(--wp--preset--spacing--30);padding-right:var(--wp--preset--spacing--30);padding-bottom:var(--wp--preset--spacing--30);padding-left:var(--wp--preset--spacing--30)\">\n<h2 class=\"wp-block-heading\">Immobilienverwaltung<\/h2>\n\n\n\n<p>Der globale Immobilienmarkt hat sich zu einer wichtigen Anlageklasse f\u00fcr Familien entwickelt, die ihr Portfolio \u00fcber die Landesgrenzen hinaus diversifizieren m\u00f6chten. Dies ist besonders angesichts geopolitischer Unsicherheiten und schwankender wirtschaftlicher Bedingungen heute wichtiger denn je. <\/p>\n\n\n\n<p>Investitionen in internationale Immobilien k\u00f6nnen Risiken mindern und den langfristigen Erhalt und das Wachstum von Verm\u00f6gen verbessern. Wir begleiten Familien bei jedem Schritt, egal ob sie sich f\u00fcr Luxusimmobilien in Europa, Fincas auf Mallorca, Gewerbeimmobilien in den USA oder Entwicklungsprojekte in Schwellenl\u00e4ndern interessieren.<\/p>\n\n\n\n<p>Unsere umfassenden Beratungsleistungen decken alle Aspekte des Erwerbs oder der Entwicklung eines Immobilienportfolios ab. Dazu geh\u00f6rt die Begleitung w\u00e4hrend des gesamten Kaufprozesses, von Preisverhandlungen (auch bei Verk\u00e4ufen) bis hin zu nachvertraglichen Formalit\u00e4ten. Selbstverst\u00e4ndlich f\u00fchren wir sowohl zum Zeitpunkt des Erwerbs als auch im Hinblick auf zuk\u00fcnftige Verkaufsszenarien gr\u00fcndliche Analysen Ihrer steuerlichen, finanziellen und pers\u00f6nlichen Situation durch.<\/p>\n<\/div>\n<\/div>\n<\/div>\n\n<div style=\"height:50px\" aria-hidden=\"true\" class=\"wp-block-spacer\"><\/div>\n\n<div class=\"wp-block-group alignfull has-global-padding is-layout-constrained wp-block-group-is-layout-constrained\">\n<div class=\"wp-block-group alignfull has-accent-6-background-color has-background has-global-padding is-layout-constrained wp-block-group-is-layout-constrained\" style=\"padding-top:var(--wp--preset--spacing--50);padding-bottom:var(--wp--preset--spacing--50)\">\n<h2 class=\"wp-block-heading\">Individuelle Family-Office-Dienstleistungen<\/h2>\n\n\n\n<p>Sie haben Zeit f\u00fcr das Wesentliche, w\u00e4hrend wir Ihnen einen umfassenden Family-Office-Service bieten: Darunter f\u00e4llt sowohl Ihr privates Sekretariat, das Ihre t\u00e4glichen Angelegenheiten sowie auch komplexe Transaktionen verwaltet. Dabei wird selbstverst\u00e4ndlich jede Ihrer t\u00e4glichen Korrespondenzen mit Sorgfalt und Genauigkeit erledigt.<\/p>\n\n\n\n<p>Zudem unterst\u00fctzen wir Sie bei Ihrer Finanzverwaltung, von der Kommunikation mit Ihren Banken und Versicherungen bis hin zur Zusammenarbeit mit Immobilienverwaltern und anderen privaten Gesch\u00e4ftspartnern. <\/p>\n\n\n\n<p>Auch die Verwaltung und Abwicklung verschiedener Verm\u00f6genswerte wird von uns \u00fcberwacht, darunter Unternehmensbeteiligungen, Immobilien und Wertgegenst\u00e4nde.<\/p>\n\n\n\n<p>Wir halten uns an die h\u00f6chsten Standards in Bezug auf Service und Diskretion und stellen sicher, dass die W\u00fcnsche und Angelegenheiten Ihrer Familie jeden Tag mit h\u00f6chster Professionalit\u00e4t erf\u00fcllt werden.<\/p>\n<\/div>\n<\/div>\n\n<div class=\"wp-block-columns is-layout-flex wp-container-core-columns-is-layout-d0b3c9c8 wp-block-columns-is-layout-flex\">\n<div class=\"wp-block-column is-layout-flow wp-block-column-is-layout-flow\">\n<figure class=\"wp-block-image size-large has-custom-border\"><img loading=\"lazy\" decoding=\"async\" width=\"1024\" height=\"1024\" src=\"https:\/\/familyoffice-360grad.ch\/wp-content\/uploads\/2026\/02\/Ebene-67-1024x1024.jpg\" alt=\"\" class=\"wp-image-620\" style=\"border-top-left-radius:12px;border-top-right-radius:12px;border-bottom-left-radius:12px;border-bottom-right-radius:12px\" srcset=\"https:\/\/familyoffice-360grad.ch\/wp-content\/uploads\/2026\/02\/Ebene-67-1024x1024.jpg 1024w, https:\/\/familyoffice-360grad.ch\/wp-content\/uploads\/2026\/02\/Ebene-67-300x300.jpg 300w, https:\/\/familyoffice-360grad.ch\/wp-content\/uploads\/2026\/02\/Ebene-67-150x150.jpg 150w, https:\/\/familyoffice-360grad.ch\/wp-content\/uploads\/2026\/02\/Ebene-67-768x768.jpg 768w, https:\/\/familyoffice-360grad.ch\/wp-content\/uploads\/2026\/02\/Ebene-67.jpg 1080w\" sizes=\"auto, (max-width: 1024px) 100vw, 1024px\" \/><\/figure>\n<\/div>\n\n\n\n<div class=\"wp-block-column is-layout-flow wp-block-column-is-layout-flow\">\n<figure class=\"wp-block-image size-large has-custom-border\"><img loading=\"lazy\" decoding=\"async\" width=\"1024\" height=\"1024\" src=\"https:\/\/familyoffice-360grad.ch\/wp-content\/uploads\/2026\/02\/Ebene-69-1024x1024.jpg\" alt=\"\" class=\"wp-image-622\" style=\"border-top-left-radius:12px;border-top-right-radius:12px;border-bottom-left-radius:12px;border-bottom-right-radius:12px\" srcset=\"https:\/\/familyoffice-360grad.ch\/wp-content\/uploads\/2026\/02\/Ebene-69-1024x1024.jpg 1024w, https:\/\/familyoffice-360grad.ch\/wp-content\/uploads\/2026\/02\/Ebene-69-300x300.jpg 300w, https:\/\/familyoffice-360grad.ch\/wp-content\/uploads\/2026\/02\/Ebene-69-150x150.jpg 150w, https:\/\/familyoffice-360grad.ch\/wp-content\/uploads\/2026\/02\/Ebene-69-768x768.jpg 768w, https:\/\/familyoffice-360grad.ch\/wp-content\/uploads\/2026\/02\/Ebene-69.jpg 1080w\" sizes=\"auto, (max-width: 1024px) 100vw, 1024px\" \/><\/figure>\n<\/div>\n\n\n\n<div class=\"wp-block-column is-layout-flow wp-block-column-is-layout-flow\">\n<figure class=\"wp-block-image size-large\"><img loading=\"lazy\" decoding=\"async\" width=\"1024\" height=\"1024\" src=\"https:\/\/familyoffice-360grad.ch\/wp-content\/uploads\/2026\/02\/Hintergrund-1024x1024.jpg\" alt=\"\" class=\"wp-image-628\" srcset=\"https:\/\/familyoffice-360grad.ch\/wp-content\/uploads\/2026\/02\/Hintergrund-1024x1024.jpg 1024w, https:\/\/familyoffice-360grad.ch\/wp-content\/uploads\/2026\/02\/Hintergrund-300x300.jpg 300w, https:\/\/familyoffice-360grad.ch\/wp-content\/uploads\/2026\/02\/Hintergrund-150x150.jpg 150w, https:\/\/familyoffice-360grad.ch\/wp-content\/uploads\/2026\/02\/Hintergrund-768x768.jpg 768w, https:\/\/familyoffice-360grad.ch\/wp-content\/uploads\/2026\/02\/Hintergrund.jpg 1080w\" sizes=\"auto, (max-width: 1024px) 100vw, 1024px\" \/><\/figure>\n<\/div>\n<\/div>\n","protected":false},"excerpt":{"rendered":"<p>Nachfolgeplanung \u201eBewahren Sie die Harmonie in Ihrer Familie und Ihrem Unternehmen\u201c Die nahtlose \u00dcbertragung Ihres Unternehmens, Ihres Verm\u00f6gens und Ihres Familienerbes erfordert eine kompetente Planung und eine durchdachte Koordination. Unsere umfassende Nachfolgeplanung f\u00fchrt Sie durch die Komplexit\u00e4t des Erbrechts, ber\u00fccksichtigt die Priorit\u00e4ten Ihrer Familie und erarbeitet eine Strategie f\u00fcr die Verm\u00f6gens\u00fcbertragung. Dabei entwickeln wir individuelle [&hellip;]<\/p>\n","protected":false},"author":1,"featured_media":0,"parent":0,"menu_order":0,"comment_status":"closed","ping_status":"closed","template":"page-no-title","meta":{"footnotes":""},"class_list":["post-712","page","type-page","status-publish","hentry"],"_links":{"self":[{"href":"https:\/\/familyoffice-360grad.ch\/de\/wp-json\/wp\/v2\/pages\/712","targetHints":{"allow":["GET"]}}],"collection":[{"href":"https:\/\/familyoffice-360grad.ch\/de\/wp-json\/wp\/v2\/pages"}],"about":[{"href":"https:\/\/familyoffice-360grad.ch\/de\/wp-json\/wp\/v2\/types\/page"}],"author":[{"embeddable":true,"href":"https:\/\/familyoffice-360grad.ch\/de\/wp-json\/wp\/v2\/users\/1"}],"replies":[{"embeddable":true,"href":"https:\/\/familyoffice-360grad.ch\/de\/wp-json\/wp\/v2\/comments?post=712"}],"version-history":[{"count":7,"href":"https:\/\/familyoffice-360grad.ch\/de\/wp-json\/wp\/v2\/pages\/712\/revisions"}],"predecessor-version":[{"id":886,"href":"https:\/\/familyoffice-360grad.ch\/de\/wp-json\/wp\/v2\/pages\/712\/revisions\/886"}],"wp:attachment":[{"href":"https:\/\/familyoffice-360grad.ch\/de\/wp-json\/wp\/v2\/media?parent=712"}],"curies":[{"name":"wp","href":"https:\/\/api.w.org\/{rel}","templated":true}]}}