{"id":857,"date":"2025-09-15T16:55:08","date_gmt":"2025-09-15T14:55:08","guid":{"rendered":"https:\/\/familyoffice-360grad.ch\/2025\/impressum\/"},"modified":"2026-02-13T10:06:34","modified_gmt":"2026-02-13T09:06:34","slug":"impressum","status":"publish","type":"page","link":"https:\/\/familyoffice-360grad.ch\/de\/impressum\/","title":{"rendered":"Impressum"},"content":{"rendered":"<div class=\"breadcrumbs align  wp-block-bcn-breadcrumb-trail has-text-color has-background has-small-font-size\" vocab=\"https:\/\/schema.org\/\" typeof=\"BreadcrumbList\">\n\t<span><\/span>\n\t<span property=\"itemListElement\" typeof=\"ListItem\"><a property=\"item\" typeof=\"WebPage\" title=\"Gehe zu Family Office 360grad AG.\" href=\"https:\/\/familyoffice-360grad.ch\/de\/\" class=\"home\" aria-current=\"page\"><span property=\"name\">Family Office 360grad AG<\/span><\/a><meta property=\"position\" content=\"1\"><\/span><\/div>\n\n<h2 class=\"wp-block-heading\">Impressum<\/h2>\n\n<p>Verantwortlich f\u00fcr den Inhalt der Website:<\/p>\n\n<p><strong>Family Office 360grad AG<\/strong><\/p>\n\n<p><strong><\/strong>Stansstaderstrasse 90<br\/>6370 Stans<br\/>Schweiz<\/p>\n\n<p>Eingetragen im Handelsregister des Kantons Nidwalden, <br\/>CH-150.3.476.326-9<br\/>Rechtsform: AG<br\/>Sitz: Stans \/ Nidwalden<\/p>\n\n<p><strong>Umsetzung<br\/><\/strong>burning communication GmbH<br\/><strong><a href=\"http:\/\/www.burningcom.de\" target=\"_blank\" rel=\"noreferrer noopener\">www.burningcom.de<\/a><\/strong><\/p>\n\n<p><strong>Bildnachweise<\/strong><br\/>FamilyOffice 360grad AG:<br\/>Der bewusste Einsatz von k\u00fcnstlicher Intelligenz in unserem Bildmaterial unterstreicht unser Engagement f\u00fcr Innovation, Qualit\u00e4t und Exzellenz.<br\/>und Ton: <a href=\"https:\/\/stock.adobe.com\/\" target=\"_blank\" rel=\"noreferrer noopener\">https:\/\/stock.adobe.com\/<\/a><\/p>\n\n<p><strong>Haftungsausschluss<\/strong><br\/>Trotz sorgf\u00e4ltiger inhaltlicher Kontrolle \u00fcbernehmen wir keine Haftung f\u00fcr die Inhalte externer Links. F\u00fcr den Inhalt der verlinkten Seiten sind ausschlie\u00dflich deren Betreiber verantwortlich.<br\/><br\/><strong>Datenschutz<\/strong><br\/>Die Nutzung unserer Webseite ist in der Regel ohne Angabe personenbezogener Daten m\u00f6glich. Soweit auf unseren Seiten personenbezogene Daten (beispielsweise Name, Anschrift oder E-Mail-Adressen) erhoben werden, erfolgt dies, soweit m\u00f6glich, stets auf freiwilliger Basis. Ihre Daten werden ohne Ihre ausdr\u00fcckliche Zustimmung nicht an Dritte weitergegeben. Wir weisen zudem darauf hin, dass die Daten\u00fcbertragung im Internet (z. B. bei der Kommunikation per E-Mail) Sicherheitsl\u00fccken aufweisen kann. Ein l\u00fcckenloser Schutz der Daten vor dem Zugriff durch Dritte ist nicht m\u00f6glich. Der Nutzung von im Rahmen der Impressumspflicht ver\u00f6ffentlichten Kontaktdaten durch Dritte zur \u00dcbersendung von nicht ausdr\u00fccklich angeforderter Werbung und Informationsmaterialien wird hiermit ausdr\u00fccklich widersprochen. Die Betreiber der Seiten behalten sich ausdr\u00fccklich rechtliche Schritte im Falle der unverlangten Zusendung von Werbeinformationen, etwa durch Spam-Mails, vor.<\/p>\n","protected":false},"excerpt":{"rendered":"<p>Impressum Verantwortlich f\u00fcr den Inhalt der Website: Family Office 360grad AG Stansstaderstrasse 906370 StansSchweiz Eingetragen im Handelsregister des Kantons Nidwalden, CH-150.3.476.326-9Rechtsform: AGSitz: Stans \/ Nidwalden Umsetzungburning communication GmbHwww.burningcom.de BildnachweiseFamilyOffice 360grad AG:Der bewusste Einsatz von k\u00fcnstlicher Intelligenz in unserem Bildmaterial unterstreicht unser Engagement f\u00fcr Innovation, Qualit\u00e4t und Exzellenz.und Ton: https:\/\/stock.adobe.com\/ HaftungsausschlussTrotz sorgf\u00e4ltiger inhaltlicher Kontrolle \u00fcbernehmen wir [&hellip;]<\/p>\n","protected":false},"author":1,"featured_media":0,"parent":0,"menu_order":0,"comment_status":"closed","ping_status":"closed","template":"","meta":{"footnotes":""},"class_list":["post-857","page","type-page","status-publish","hentry"],"_links":{"self":[{"href":"https:\/\/familyoffice-360grad.ch\/de\/wp-json\/wp\/v2\/pages\/857","targetHints":{"allow":["GET"]}}],"collection":[{"href":"https:\/\/familyoffice-360grad.ch\/de\/wp-json\/wp\/v2\/pages"}],"about":[{"href":"https:\/\/familyoffice-360grad.ch\/de\/wp-json\/wp\/v2\/types\/page"}],"author":[{"embeddable":true,"href":"https:\/\/familyoffice-360grad.ch\/de\/wp-json\/wp\/v2\/users\/1"}],"replies":[{"embeddable":true,"href":"https:\/\/familyoffice-360grad.ch\/de\/wp-json\/wp\/v2\/comments?post=857"}],"version-history":[{"count":5,"href":"https:\/\/familyoffice-360grad.ch\/de\/wp-json\/wp\/v2\/pages\/857\/revisions"}],"predecessor-version":[{"id":916,"href":"https:\/\/familyoffice-360grad.ch\/de\/wp-json\/wp\/v2\/pages\/857\/revisions\/916"}],"wp:attachment":[{"href":"https:\/\/familyoffice-360grad.ch\/de\/wp-json\/wp\/v2\/media?parent=857"}],"curies":[{"name":"wp","href":"https:\/\/api.w.org\/{rel}","templated":true}]}}